{"id":745,"date":"2015-10-16T02:06:07","date_gmt":"2015-10-16T02:06:07","guid":{"rendered":"https:\/\/aquaprosn.com\/?page_id=745"},"modified":"2024-05-22T18:34:46","modified_gmt":"2024-05-22T18:34:46","slug":"home-5","status":"publish","type":"page","link":"https:\/\/aquaprosn.com\/tr\/","title":{"rendered":"Ana Sayfa"},"content":{"rendered":"<div class=\"wpb-content-wrapper\"><p>[vc_row parallax_style=&#8221;none&#8221; parallax_scroll_effect=&#8221;fixed&#8221; el_class=&#8221;margin-bottom-100&#8243;][vc_column][rev_slider_vc alias=&#8221;home-5-1&#8243;][\/vc_column][\/vc_row][vc_row layout=&#8221;boxed&#8221; parallax_style=&#8221;none&#8221; parallax_scroll_effect=&#8221;fixed&#8221;][vc_column]\t\t\t<div\n\t\t\t\tclass=\"darna-heading style1 margin-bottom-40\" >\n\t\t\t\t\t\t\t\t\t<h2>AQUA PRO<\/h2>\n\t\t\t\t\t\t\t\t\t\t\t\t\t<p>Havuz Yap\u0131m\u0131, Tadilat ve Malzeme Sat\u0131\u015f\u0131<\/p>\n\t\t\t\t\t\t\t<\/div>\n\t\t\t[\/vc_column][\/vc_row][vc_row layout=&#8221;boxed&#8221; parallax_style=&#8221;none&#8221; parallax_scroll_effect=&#8221;fixed&#8221; el_class=&#8221;margin-bottom-100&#8243;][vc_column width=&#8221;1\/2&#8243; el_class=&#8221;col-md-6 col-sm-12 sm-margin-bottom-30&#8243;][vc_single_image image=&#8221;2030&#8243; img_size=&#8221;full&#8221; alignment=&#8221;center&#8221;][\/vc_column][vc_column width=&#8221;1\/2&#8243; el_class=&#8221;col-md-6 col-sm-12&#8243;][vc_column_text]Markam\u0131z Best Piscine Service, 2004 y\u0131l\u0131ndan bu yana g\u00fc\u00e7l\u00fc kurumsal yap\u0131s\u0131, deneyimi, g\u00fcvenilirli\u011fi, m\u00fckemmel ileti\u015fim becerileri ve sekt\u00f6rdeki g\u00fc\u00e7l\u00fc ortakl\u0131klar\u0131 ile tan\u0131nmaktad\u0131r.[\/vc_column_text][vc_row_inner el_class=&#8221;column-equal-height&#8221;][vc_column_inner el_class=&#8221;col-md-6 col-sm-12&#8243; width=&#8221;1\/2&#8243; css=&#8221;.vc_custom_1444874017851{margin-top: 20px !important;margin-bottom: 20px !important;}&#8221;]\t\t\t<div\n\t\t\t\tclass=\"darna-icon-box style6 \" >\n\t\t\t\t<a class=\"ibox-icon\" title=\"\"\n\t\t\t\t   target=\"_self\" href=\"#\">\n\t\t\t\t\t\t\t\t\t\t\t<i class=\"fa fa-check\"><\/i>\n\t\t\t\t\t\t\t\t\t<\/a>\n\t\t\t\t\t\t\t\t\t<h3><a title=\"\" target=\"_self\"\n\t\t\t\t\t       href=\"#\">Kalite Odakl\u0131<\/a><\/h3>\n\t\t\t\t\t\t\t\t\t<p>Kaliteli Hizmet Anlay\u0131\u015f\u0131yla...<\/p>\n\t\t\t\t\t\t\t<\/div>\n\t\t\t[\/vc_column_inner][vc_column_inner el_class=&#8221;col-md-6 col-sm-12&#8243; width=&#8221;1\/2&#8243; css=&#8221;.vc_custom_1444874034547{margin-top: 20px !important;margin-bottom: 20px !important;}&#8221;]\t\t\t<div\n\t\t\t\tclass=\"darna-icon-box style6 \" >\n\t\t\t\t<a class=\"ibox-icon\" title=\"\"\n\t\t\t\t   target=\"_self\" href=\"#\">\n\t\t\t\t\t\t\t\t\t\t\t<i class=\"fa fa-clock-o\"><\/i>\n\t\t\t\t\t\t\t\t\t<\/a>\n\t\t\t\t\t\t\t\t\t<h3><a title=\"\" target=\"_self\"\n\t\t\t\t\t       href=\"#\">Tam Zaman\u0131nda<\/a><\/h3>\n\t\t\t\t\t\t\t\t\t<p>Zaman\u0131nda Teslimat<\/p>\n\t\t\t\t\t\t\t<\/div>\n\t\t\t[\/vc_column_inner][vc_column_inner el_class=&#8221;col-md-6 col-sm-12&#8243; width=&#8221;1\/2&#8243; css=&#8221;.vc_custom_1444874043505{margin-top: 20px !important;margin-bottom: 20px !important;}&#8221;]\t\t\t<div\n\t\t\t\tclass=\"darna-icon-box style6 \" >\n\t\t\t\t<a class=\"ibox-icon\" title=\"\"\n\t\t\t\t   target=\"_self\" href=\"#\">\n\t\t\t\t\t\t\t\t\t\t\t<i class=\"fa fa-stack-overflow\"><\/i>\n\t\t\t\t\t\t\t\t\t<\/a>\n\t\t\t\t\t\t\t\t\t<h3><a title=\"\" target=\"_self\"\n\t\t\t\t\t       href=\"#\">\u00d6zg\u00fcn Mimari<\/a><\/h3>\n\t\t\t\t\t\t\t\t\t<p>Modern Mimari \u00c7izgiler<\/p>\n\t\t\t\t\t\t\t<\/div>\n\t\t\t[\/vc_column_inner][vc_column_inner el_class=&#8221;col-md-6 col-sm-12&#8243; width=&#8221;1\/2&#8243; css=&#8221;.vc_custom_1444874052441{margin-top: 20px !important;margin-bottom: 20px !important;}&#8221;]\t\t\t<div\n\t\t\t\tclass=\"darna-icon-box style6 \" >\n\t\t\t\t<a class=\"ibox-icon\" title=\"\"\n\t\t\t\t   target=\"_self\" href=\"#\">\n\t\t\t\t\t\t\t\t\t\t\t<i class=\"fa fa-thumbs-o-up\"><\/i>\n\t\t\t\t\t\t\t\t\t<\/a>\n\t\t\t\t\t\t\t\t\t<h3><a title=\"\" target=\"_self\"\n\t\t\t\t\t       href=\"#\">Ekonomik Fiyat<\/a><\/h3>\n\t\t\t\t\t\t\t\t\t<p>Ekonomik \u00c7\u00f6z\u00fcmler<\/p>\n\t\t\t\t\t\t\t<\/div>\n\t\t\t[\/vc_column_inner][\/vc_row_inner][\/vc_column][\/vc_row][vc_row parallax_style=&#8221;none&#8221; parallax_scroll_effect=&#8221;fixed&#8221; css=&#8221;.vc_custom_1714464016783{background-image: url(https:\/\/aquaprosn.com\/wp-content\/uploads\/2024\/04\/alt1.jpg?id=1067) !important;background-position: center !important;background-repeat: no-repeat !important;background-size: cover !important;}&#8221; el_class=&#8221;margin-bottom-100&#8243;][vc_column][vc_empty_space height=&#8221;10&#8243;][vc_empty_space height=&#8221;10&#8243;][vc_empty_space height=&#8221;10&#8243;]\t\t\t<div\n\t\t\t\tclass=\"darna-heading style2 margin-bottom-30 sm-margin-bottom-15\" >\n\t\t\t\t\t\t\t\t\t<h2>Neden Biz?<\/h2>\n\t\t\t\t\t\t\t\t\t\t\t\t\t<p>Bizi Tercih Etmeniz \u0130\u00e7in Sebepler<\/p>\n\t\t\t\t\t\t\t<\/div>\n\t\t\t[vc_empty_space height=&#8221;10&#8243;][\/vc_column][vc_column][vc_row_inner layout=&#8221;boxed&#8221; parallax_style=&#8221;none&#8221; parallax_scroll_effect=&#8221;fixed&#8221;][vc_column_inner el_class=&#8221;col-md-3 col-sm-6 col-xs-12&#8243; width=&#8221;1\/4&#8243;][vc_single_image image=&#8221;1077&#8243; img_size=&#8221;full&#8221; alignment=&#8221;center&#8221;][vc_empty_space height=&#8221;10&#8243;][vc_column_text]<\/p>\n<h4 style=\"text-align: center;\"><span style=\"color: #ffffff;\"><strong>Profesyonel Ekip<\/strong><\/span><\/h4>\n<p>[\/vc_column_text][vc_empty_space height=&#8221;10&#8243;][\/vc_column_inner][vc_column_inner el_class=&#8221;col-md-3 col-sm-6 col-xs-12&#8243; width=&#8221;1\/4&#8243;][vc_single_image image=&#8221;1079&#8243; img_size=&#8221;full&#8221; alignment=&#8221;center&#8221;][vc_empty_space height=&#8221;10&#8243;][vc_column_text]<\/p>\n<h4 style=\"text-align: center;\"><span style=\"color: #ffffff;\"><strong>Kaliteli Ekipman<\/strong><\/span><\/h4>\n<p>[\/vc_column_text][vc_empty_space height=&#8221;10&#8243;][\/vc_column_inner][vc_column_inner el_class=&#8221;col-md-3 col-sm-6 col-xs-12&#8243; width=&#8221;1\/4&#8243;][vc_single_image image=&#8221;1078&#8243; img_size=&#8221;full&#8221; alignment=&#8221;center&#8221;][vc_empty_space height=&#8221;10&#8243;][vc_column_text]<\/p>\n<h4 style=\"text-align: center;\"><span style=\"color: #ffffff;\"><strong>Modern \u00c7izgiler<\/strong><\/span><\/h4>\n<p>[\/vc_column_text][vc_empty_space height=&#8221;10&#8243;][\/vc_column_inner][vc_column_inner el_class=&#8221;col-md-3 col-sm-6 col-xs-12&#8243; width=&#8221;1\/4&#8243;][vc_single_image image=&#8221;1080&#8243; img_size=&#8221;full&#8221; alignment=&#8221;center&#8221;][vc_empty_space height=&#8221;10&#8243;][vc_column_text]<\/p>\n<h4 style=\"text-align: center;\"><span style=\"color: #ffffff;\"><strong>Zaman\u0131nda Teslimat<\/strong><\/span><\/h4>\n<p>[\/vc_column_text][vc_empty_space height=&#8221;10&#8243;][\/vc_column_inner][\/vc_row_inner][\/vc_column][vc_column][vc_empty_space height=&#8221;10&#8243;][vc_separator color=&#8221;white&#8221;][vc_empty_space height=&#8221;10&#8243;][vc_empty_space height=&#8221;10&#8243;][\/vc_column][\/vc_row][vc_row layout=&#8221;boxed&#8221; el_class=&#8221;margin-bottom-100&#8243;][vc_column]\t\t\t<div\n\t\t\t\tclass=\"darna-heading style1 margin-bottom-30 sm-margin-bottom-15\" >\n\t\t\t\t\t\t\t\t\t<h2>H\u0130ZMETLER\u0130M\u0130Z<\/h2>\n\t\t\t\t\t\t\t\t\t\t\t\t\t<p>Sizin \u0130\u00e7in Neler Sunuyoruz<\/p>\n\t\t\t\t\t\t\t<\/div>\n\t\t\t[vc_empty_space height=&#8221;10&#8243;][\/vc_column][vc_column width=&#8221;1\/4&#8243;][vc_single_image image=&#8221;1084&#8243; img_size=&#8221;full&#8221; alignment=&#8221;center&#8221;][vc_empty_space height=&#8221;10&#8243;][vc_column_text]<\/p>\n<h4><span style=\"color: #000000;\"><strong>Havuz \u0130n\u015faat\u0131<\/strong><\/span><\/h4>\n<p><span style=\"color: #000000;\">Mimari modernli\u011fin izlerini ta\u015f\u0131yan, profesyonel ekipler, kaliteli malzeme ve son teknoloji ekipmanlar kullan\u0131larak tasarlanan, estetik, dayan\u0131kl\u0131 ve ekonomik y\u00fczme havuzu in\u015faat\u0131 hizmetleri.<\/span>[\/vc_column_text][vc_empty_space height=&#8221;10&#8243;][\/vc_column][vc_column width=&#8221;1\/4&#8243;][vc_single_image image=&#8221;1087&#8243; img_size=&#8221;full&#8221; alignment=&#8221;center&#8221; onclick=&#8221;custom_link&#8221; link=&#8221;https:\/\/aquaprosn.com\/tr\/produit\/&#8221;][vc_empty_space height=&#8221;10&#8243;][vc_column_text]<\/p>\n<h4><a href=\"https:\/\/aquaprosn.com\/tr\/produit\/\"><span style=\"color: #000000;\"><strong>Ekipman Sat\u0131\u015f\u0131 >><\/strong><\/span><\/a><\/h4>\n<p><span style=\"color: #000000;\">Y\u00fczme havuzlar\u0131n\u0131n sistematik ve sorunsuz \u00e7al\u0131\u015fmas\u0131n\u0131n yan\u0131 s\u0131ra periyodik bak\u0131m masraf\u0131n\u0131 azaltan, kaliteli, dayan\u0131kl\u0131, ekonomik y\u00fczme havuzu malzemelerinin sat\u0131\u015f, bak\u0131m ve servis hizmetleri.<\/span>[\/vc_column_text][vc_empty_space height=&#8221;10&#8243;][\/vc_column][vc_column width=&#8221;1\/4&#8243;][vc_single_image image=&#8221;1085&#8243; img_size=&#8221;full&#8221; alignment=&#8221;center&#8221;][vc_empty_space height=&#8221;10&#8243;][vc_column_text]<\/p>\n<h4><span style=\"color: #000000;\"><strong>Teknik Bak\u0131m<\/strong><\/span><\/h4>\n<p><span style=\"color: #000000;\">Y\u00fczme havuzu ekipmanlar\u0131n\u0131n periyodik bak\u0131mlar\u0131, teknik ekipmanlar\u0131n sat\u0131\u015f\u0131, teknik ekipmanlar\u0131n montaj\u0131, yenilenmesi, bak\u0131m ve onar\u0131m hizmetleri ile bak\u0131m ve teknik destek hizmetleri.<\/span>[\/vc_column_text][vc_empty_space height=&#8221;10&#8243;][\/vc_column][vc_column width=&#8221;1\/4&#8243;][vc_single_image image=&#8221;1086&#8243; img_size=&#8221;full&#8221; alignment=&#8221;center&#8221;][vc_empty_space height=&#8221;10&#8243;][vc_column_text]<\/p>\n<h4><span style=\"color: #000000;\"><strong>Havuz Temizli\u011fi<\/strong><\/span><\/h4>\n<p><span style=\"color: #000000;\">Sezonluk bak\u0131m ve devreye alma hizmetleri, periyodik temizlik, genel hijyen ve kimyasal ar\u0131tma hizmetleri, ar\u0131tma, mimari yenileme ve yenileme ile \u00e7evre d\u00fczenleme hizmetleri.<\/span>[\/vc_column_text][vc_empty_space height=&#8221;10&#8243;][\/vc_column][vc_column][vc_empty_space height=&#8221;10&#8243;][\/vc_column][\/vc_row][vc_row parallax_style=&#8221;none&#8221; parallax_scroll_effect=&#8221;fixed&#8221; css=&#8221;.vc_custom_1714464042034{background-image: url(https:\/\/aquaprosn.com\/wp-content\/uploads\/2024\/04\/sld1.jpg?id=1043) !important;background-position: center !important;background-repeat: no-repeat !important;background-size: cover !important;}&#8221; el_class=&#8221;margin-bottom-100&#8243;][vc_column]\t\t\t<div\n\t\t\t\tclass=\"darna-heading style2 margin-bottom-30 sm-margin-bottom-15\" >\n\t\t\t\t\t\t\t\t\t<h2>Rakamlarla Biz<\/h2>\n\t\t\t\t\t\t\t\t\t\t\t\t\t<p>Neler Sunduk<\/p>\n\t\t\t\t\t\t\t<\/div>\n\t\t\t[\/vc_column][vc_column][vc_row_inner layout=&#8221;boxed&#8221; parallax_style=&#8221;none&#8221; parallax_scroll_effect=&#8221;fixed&#8221;][vc_column_inner el_class=&#8221;col-md-3 col-sm-6 col-xs-12&#8243; width=&#8221;1\/4&#8243;]\t\t\t<div class=\"darna-counter \">\n\t\t\t\t\t\t\t\t\t<span class=\"display-percentage\" style=\"color: #ffffff\"\n\t\t\t\t\t\t  data-percentage=\"20\">20<\/span>\n\t\t\t\t\t\t\t\t\t\t\t<p class=\"counter-title\" style=\"color: #ffffff\">Y\u0131ll\u0131k Deneyim<\/p>\n\t\t\t\t\t\t\t\t<\/div>\n\t\t\t[\/vc_column_inner][vc_column_inner el_class=&#8221;col-md-3 col-sm-6 col-xs-12&#8243; width=&#8221;1\/4&#8243;]\t\t\t<div class=\"darna-counter \">\n\t\t\t\t\t\t\t\t\t<span class=\"display-percentage\" style=\"color: #ffffff\"\n\t\t\t\t\t\t  data-percentage=\"350\">350<\/span>\n\t\t\t\t\t\t\t\t\t\t\t<p class=\"counter-title\" style=\"color: #ffffff\">Tamamlanan Proje<\/p>\n\t\t\t\t\t\t\t\t<\/div>\n\t\t\t[\/vc_column_inner][vc_column_inner el_class=&#8221;col-md-3 col-sm-6 col-xs-12&#8243; width=&#8221;1\/4&#8243;]\t\t\t<div class=\"darna-counter \">\n\t\t\t\t\t\t\t\t\t<span class=\"display-percentage\" style=\"color: #ffffff\"\n\t\t\t\t\t\t  data-percentage=\"75\">75<\/span>\n\t\t\t\t\t\t\t\t\t\t\t<p class=\"counter-title\" style=\"color: #ffffff\">Uzman Ekip<\/p>\n\t\t\t\t\t\t\t\t<\/div>\n\t\t\t[\/vc_column_inner][vc_column_inner el_class=&#8221;col-md-3 col-sm-6 col-xs-12&#8243; width=&#8221;1\/4&#8243;]\t\t\t<div class=\"darna-counter \">\n\t\t\t\t\t\t\t\t\t<span class=\"display-percentage\" style=\"color: #ffffff\"\n\t\t\t\t\t\t  data-percentage=\"650\">650<\/span>\n\t\t\t\t\t\t\t\t\t\t\t<p class=\"counter-title\" style=\"color: #ffffff\">Memnun M\u00fc\u015fteri<\/p>\n\t\t\t\t\t\t\t\t<\/div>\n\t\t\t[\/vc_column_inner][\/vc_row_inner][\/vc_column][\/vc_row][vc_row layout=&#8221;boxed&#8221; parallax_style=&#8221;none&#8221; parallax_scroll_effect=&#8221;fixed&#8221; el_class=&#8221;margin-bottom-100&#8243;][vc_column]\t\t\t<div\n\t\t\t\tclass=\"darna-heading style1 margin-bottom-40\" >\n\t\t\t\t\t\t\t\t\t<h2>\u00dcr\u00fcnlerimiz<\/h2>\n\t\t\t\t\t\t\t\t\t\t\t\t\t<p>Havuz Ekipmanlar\u0131<\/p>\n\t\t\t\t\t\t\t<\/div>\n\t\t\t[vc_empty_space height=&#8221;10&#8243;][\/vc_column][vc_column width=&#8221;1\/4&#8243;][vc_empty_space height=&#8221;10&#8243;][vc_single_image image=&#8221;1107&#8243; img_size=&#8221;full&#8221; alignment=&#8221;center&#8221; onclick=&#8221;custom_link&#8221; link=&#8221;https:\/\/aquaprosn.com\/tr\/pompes-de-piscine\/&#8221;][vc_empty_space height=&#8221;10&#8243;][vc_column_text]<\/p>\n<h4 style=\"text-align: center;\"><a href=\"https:\/\/aquaprosn.com\/tr\/pompes-de-piscine\/\"><strong><span style=\"color: #000000;\">Pompes de Piscine<\/span><\/strong><\/a><\/h4>\n<p>[\/vc_column_text][vc_empty_space height=&#8221;10&#8243;][\/vc_column][vc_column width=&#8221;1\/4&#8243;][vc_empty_space height=&#8221;10&#8243;][vc_single_image image=&#8221;1108&#8243; img_size=&#8221;full&#8221; alignment=&#8221;center&#8221; onclick=&#8221;custom_link&#8221; link=&#8221;https:\/\/aquaprosn.com\/tr\/filtres-a-sable\/&#8221;][vc_empty_space height=&#8221;10&#8243;][vc_column_text]<\/p>\n<h4 style=\"text-align: center;\"><a href=\"https:\/\/aquaprosn.com\/filtres-a-sable\/\"><strong><span style=\"color: #000000;\">Filtres \u00e0 Sable<\/span><\/strong><\/a><\/h4>\n<p>[\/vc_column_text][vc_empty_space height=&#8221;10&#8243;][\/vc_column][vc_column width=&#8221;1\/4&#8243;][vc_empty_space height=&#8221;10&#8243;][vc_single_image image=&#8221;1110&#8243; img_size=&#8221;full&#8221; alignment=&#8221;center&#8221; onclick=&#8221;custom_link&#8221; link=&#8221;https:\/\/aquaprosn.com\/tr\/eclairage-dans-la-piscine-lampes\/&#8221;][vc_empty_space height=&#8221;10&#8243;][vc_column_text]<\/p>\n<h4 style=\"text-align: center;\"><a href=\"https:\/\/aquaprosn.com\/eclairage-dans-la-piscine-lampes\/\"><span style=\"color: #000000;\"><strong>Eclairage dans la piscine &#8211; Lampes<\/strong><\/span><\/a><\/h4>\n<p>[\/vc_column_text][vc_empty_space height=&#8221;10&#8243;][\/vc_column][vc_column width=&#8221;1\/4&#8243;][vc_empty_space height=&#8221;10&#8243;][vc_single_image image=&#8221;1112&#8243; img_size=&#8221;full&#8221; alignment=&#8221;center&#8221; onclick=&#8221;custom_link&#8221; link=&#8221;https:\/\/aquaprosn.com\/tr\/equipements-de-bord-de-piscine\/&#8221;][vc_empty_space height=&#8221;10&#8243;][vc_column_text]<\/p>\n<h4 style=\"text-align: center;\"><a href=\"https:\/\/aquaprosn.com\/equipements-de-bord-de-piscine\/\"><span style=\"color: #000000;\"><strong>Equipements de bord piscine<\/strong><\/span><\/a><\/h4>\n<p>[\/vc_column_text][vc_empty_space height=&#8221;10&#8243;][\/vc_column][vc_column][vc_empty_space height=&#8221;10&#8243;][\/vc_column][\/vc_row][vc_row layout=&#8221;boxed&#8221; el_class=&#8221;margin-bottom-100&#8243;][vc_column]\t\t\t<div\n\t\t\t\tclass=\"darna-heading style1 margin-bottom-30 sm-margin-bottom-15\" >\n\t\t\t\t\t\t\t\t\t<h2>Projelerimiz<\/h2>\n\t\t\t\t\t\t\t\t\t\t\t\t\t<p>Neler Yapt\u0131k<\/p>\n\t\t\t\t\t\t\t<\/div>\n\t\t\t[vc_empty_space height=&#8221;10&#8243;][\/vc_column][vc_column width=&#8221;1\/4&#8243;][vc_single_image image=&#8221;1649&#8243; img_size=&#8221;full&#8221; alignment=&#8221;center&#8221; onclick=&#8221;link_image&#8221;][vc_empty_space height=&#8221;10&#8243;][\/vc_column][vc_column width=&#8221;1\/4&#8243;][vc_single_image image=&#8221;1640&#8243; img_size=&#8221;full&#8221; alignment=&#8221;center&#8221; onclick=&#8221;link_image&#8221;][vc_empty_space height=&#8221;10&#8243;][\/vc_column][vc_column width=&#8221;1\/4&#8243;][vc_single_image image=&#8221;1634&#8243; img_size=&#8221;full&#8221; alignment=&#8221;center&#8221; onclick=&#8221;link_image&#8221;][vc_empty_space height=&#8221;10&#8243;][\/vc_column][vc_column width=&#8221;1\/4&#8243;][vc_single_image image=&#8221;1644&#8243; img_size=&#8221;full&#8221; alignment=&#8221;center&#8221; onclick=&#8221;link_image&#8221;][vc_empty_space height=&#8221;10&#8243;][\/vc_column][vc_column][vc_empty_space height=&#8221;10&#8243;][vc_empty_space height=&#8221;10&#8243;][vc_btn title=&#8221;T\u00dcM PROJELER&#8221; style=&#8221;outline&#8221; color=&#8221;primary&#8221; size=&#8221;sm&#8221; align=&#8221;center&#8221; link=&#8221;url:https%3A%2F%2Faquaprosn.com%2Ftr%2Fprojets%2F&#8221;][\/vc_column][\/vc_row]<\/p>\n<\/div>","protected":false},"excerpt":{"rendered":"<p>[vc_row parallax_style=&#8221;none&#8221; parallax_scroll_effect=&#8221;fixed&#8221; el_class=&#8221;margin-bottom-100&#8243;][vc_column][rev_slider_vc alias=&#8221;home-5-1&#8243;][\/vc_column][\/vc_row][vc_row layout=&#8221;boxed&#8221; parallax_style=&#8221;none&#8221; parallax_scroll_effect=&#8221;fixed&#8221;][vc_column][\/vc_column][\/vc_row][vc_row layout=&#8221;boxed&#8221; parallax_style=&#8221;none&#8221; parallax_scroll_effect=&#8221;fixed&#8221; el_class=&#8221;margin-bottom-100&#8243;][vc_column width=&#8221;1\/2&#8243; el_class=&#8221;col-md-6 col-sm-12 sm-margin-bottom-30&#8243;][vc_single_image image=&#8221;2030&#8243; img_size=&#8221;full&#8221; alignment=&#8221;center&#8221;][\/vc_column][vc_column width=&#8221;1\/2&#8243; el_class=&#8221;col-md-6 col-sm-12&#8243;][vc_column_text]Markam\u0131z Best Piscine Service, 2004 y\u0131l\u0131ndan bu yana g\u00fc\u00e7l\u00fc kurumsal yap\u0131s\u0131, deneyimi, g\u00fcvenilirli\u011fi, m\u00fckemmel ileti\u015fim becerileri ve sekt\u00f6rdeki g\u00fc\u00e7l\u00fc ortakl\u0131klar\u0131 ile tan\u0131nmaktad\u0131r.[\/vc_column_text][vc_row_inner el_class=&#8221;column-equal-height&#8221;][vc_column_inner el_class=&#8221;col-md-6 col-sm-12&#8243; width=&#8221;1\/2&#8243; css=&#8221;.vc_custom_1444874017851{margin-top: 20px !important;margin-bottom: 20px !important;}&#8221;][\/vc_column_inner][vc_column_inner el_class=&#8221;col-md-6 col-sm-12&#8243; width=&#8221;1\/2&#8243; [&hellip;]<\/p>\n","protected":false},"author":1,"featured_media":0,"parent":0,"menu_order":0,"comment_status":"closed","ping_status":"closed","template":"","meta":{"footnotes":""},"_links":{"self":[{"href":"https:\/\/aquaprosn.com\/tr\/wp-json\/wp\/v2\/pages\/745"}],"collection":[{"href":"https:\/\/aquaprosn.com\/tr\/wp-json\/wp\/v2\/pages"}],"about":[{"href":"https:\/\/aquaprosn.com\/tr\/wp-json\/wp\/v2\/types\/page"}],"author":[{"embeddable":true,"href":"https:\/\/aquaprosn.com\/tr\/wp-json\/wp\/v2\/users\/1"}],"replies":[{"embeddable":true,"href":"https:\/\/aquaprosn.com\/tr\/wp-json\/wp\/v2\/comments?post=745"}],"version-history":[{"count":76,"href":"https:\/\/aquaprosn.com\/tr\/wp-json\/wp\/v2\/pages\/745\/revisions"}],"predecessor-version":[{"id":2037,"href":"https:\/\/aquaprosn.com\/tr\/wp-json\/wp\/v2\/pages\/745\/revisions\/2037"}],"wp:attachment":[{"href":"https:\/\/aquaprosn.com\/tr\/wp-json\/wp\/v2\/media?parent=745"}],"curies":[{"name":"wp","href":"https:\/\/api.w.org\/{rel}","templated":true}]}}