{"id":1575,"date":"2024-05-13T06:39:22","date_gmt":"2024-05-13T06:39:22","guid":{"rendered":"https:\/\/aquaprosn.com\/?page_id=1575"},"modified":"2024-05-22T16:20:47","modified_gmt":"2024-05-22T16:20:47","slug":"filtres-a-sable","status":"publish","type":"page","link":"https:\/\/aquaprosn.com\/tr\/filtres-a-sable\/","title":{"rendered":"Kum Filtreleri"},"content":{"rendered":"<div class=\"wpb-content-wrapper\"><p>[vc_row][vc_column width=&#8221;1\/4&#8243;][vc_single_image image=&#8221;1579&#8243; img_size=&#8221;full&#8221; onclick=&#8221;custom_link&#8221; link=&#8221;https:\/\/aquaprosn.com\/tr\/filtres-en-plastique\/&#8221;][vc_column_text]<\/p>\n<p style=\"text-align: center;\"><a href=\"https:\/\/aquaprosn.com\/tr\/filtres-en-plastique\/\"><span style=\"color: #000000;\"><strong>Plastik Filtreler (eco) >><\/strong><\/span><\/a><\/p>\n<p>[\/vc_column_text][\/vc_column][vc_column width=&#8221;1\/4&#8243;][vc_single_image image=&#8221;1580&#8243; img_size=&#8221;full&#8221; onclick=&#8221;custom_link&#8221; link=&#8221;https:\/\/aquaprosn.com\/tr\/modele-canada\/&#8221;][vc_column_text]<\/p>\n<p style=\"text-align: center;\"><a href=\"https:\/\/aquaprosn.com\/tr\/modele-canada\/\"><span style=\"color: #000000;\"><strong>Canada Model\u00a0 >><\/strong><\/span><\/a><\/p>\n<p>[\/vc_column_text][\/vc_column][vc_column width=&#8221;1\/4&#8243;][vc_single_image image=&#8221;1581&#8243; img_size=&#8221;full&#8221; onclick=&#8221;link_image&#8221;][vc_column_text]<\/p>\n<p style=\"text-align: center;\"><span style=\"color: #000000;\"><strong>\u00c7iftli Manometre Seti<\/strong><\/span><\/p>\n<p>[\/vc_column_text][\/vc_column][vc_column width=&#8221;1\/4&#8243;][vc_single_image image=&#8221;1582&#8243; img_size=&#8221;full&#8221; onclick=&#8221;custom_link&#8221; link=&#8221;https:\/\/aquaprosn.com\/tr\/filtres-a-sable-selon-la-norme-din\/&#8221;][vc_column_text]<\/p>\n<p style=\"text-align: center;\"><a href=\"https:\/\/aquaprosn.com\/tr\/filtres-a-sable-selon-la-norme-din\/\"><span style=\"color: #000000;\"><strong>D\u0131n Normu Kum Filtreleri\u00a0 >><\/strong><\/span><\/a><\/p>\n<p>[\/vc_column_text][\/vc_column][\/vc_row][vc_row][vc_column][vc_empty_space height=&#8221;20&#8243;][vc_separator color=&#8221;sky&#8221;][vc_empty_space height=&#8221;20&#8243;][\/vc_column][\/vc_row][vc_row][vc_column width=&#8221;1\/4&#8243;][vc_single_image image=&#8221;1583&#8243; img_size=&#8221;full&#8221; onclick=&#8221;custom_link&#8221; link=&#8221;https:\/\/aquaprosn.com\/tr\/autres-produits\/&#8221;][vc_column_text]<\/p>\n<p style=\"text-align: center;\"><a href=\"https:\/\/aquaprosn.com\/tr\/autres-produits\/\"><span style=\"color: #000000;\"><strong>Di\u011fer \u00dcr\u00fcnler\u00a0 >><\/strong><\/span><\/a><\/p>\n<p>[\/vc_column_text][\/vc_column][vc_column width=&#8221;1\/4&#8243;][vc_single_image image=&#8221;1584&#8243; img_size=&#8221;full&#8221; onclick=&#8221;custom_link&#8221; link=&#8221;https:\/\/aquaprosn.com\/tr\/ensemble-de-filtre-de-pompe\/&#8221;][vc_column_text]<\/p>\n<p style=\"text-align: center;\"><a href=\"https:\/\/aquaprosn.com\/tr\/ensemble-de-filtre-de-pompe\/\"><span style=\"color: #000000;\"><strong>Pompa Filtre Setleri >><\/strong><\/span><\/a><\/p>\n<p>[\/vc_column_text][\/vc_column][vc_column width=&#8221;1\/4&#8243;][vc_single_image image=&#8221;1585&#8243; img_size=&#8221;full&#8221; onclick=&#8221;link_image&#8221;][vc_column_text]<\/p>\n<p class=\"pb-0\" style=\"text-align: center;\"><span style=\"color: #000000;\"><strong>California Model Kum Filtresi<\/strong><\/span><\/p>\n<p>[\/vc_column_text][\/vc_column][vc_column width=&#8221;1\/4&#8243;][\/vc_column][vc_column][vc_empty_space height=&#8221;40&#8243;][\/vc_column][\/vc_row]<\/p>\n<\/div>","protected":false},"excerpt":{"rendered":"<p>[vc_row][vc_column width=&#8221;1\/4&#8243;][vc_single_image image=&#8221;1579&#8243; img_size=&#8221;full&#8221; onclick=&#8221;custom_link&#8221; link=&#8221;https:\/\/aquaprosn.com\/tr\/filtres-en-plastique\/&#8221;][vc_column_text] Plastik Filtreler (eco) >> [\/vc_column_text][\/vc_column][vc_column width=&#8221;1\/4&#8243;][vc_single_image image=&#8221;1580&#8243; img_size=&#8221;full&#8221; onclick=&#8221;custom_link&#8221; link=&#8221;https:\/\/aquaprosn.com\/tr\/modele-canada\/&#8221;][vc_column_text] Canada Model\u00a0 >> [\/vc_column_text][\/vc_column][vc_column width=&#8221;1\/4&#8243;][vc_single_image image=&#8221;1581&#8243; img_size=&#8221;full&#8221; onclick=&#8221;link_image&#8221;][vc_column_text] \u00c7iftli Manometre Seti [\/vc_column_text][\/vc_column][vc_column width=&#8221;1\/4&#8243;][vc_single_image image=&#8221;1582&#8243; img_size=&#8221;full&#8221; onclick=&#8221;custom_link&#8221; link=&#8221;https:\/\/aquaprosn.com\/tr\/filtres-a-sable-selon-la-norme-din\/&#8221;][vc_column_text] D\u0131n Normu Kum Filtreleri\u00a0 >> [\/vc_column_text][\/vc_column][\/vc_row][vc_row][vc_column][vc_empty_space height=&#8221;20&#8243;][vc_separator color=&#8221;sky&#8221;][vc_empty_space height=&#8221;20&#8243;][\/vc_column][\/vc_row][vc_row][vc_column width=&#8221;1\/4&#8243;][vc_single_image image=&#8221;1583&#8243; img_size=&#8221;full&#8221; onclick=&#8221;custom_link&#8221; link=&#8221;https:\/\/aquaprosn.com\/tr\/autres-produits\/&#8221;][vc_column_text] Di\u011fer \u00dcr\u00fcnler\u00a0 >> [\/vc_column_text][\/vc_column][vc_column width=&#8221;1\/4&#8243;][vc_single_image image=&#8221;1584&#8243; img_size=&#8221;full&#8221; onclick=&#8221;custom_link&#8221; [&hellip;]<\/p>\n","protected":false},"author":1,"featured_media":0,"parent":0,"menu_order":0,"comment_status":"closed","ping_status":"closed","template":"","meta":{"footnotes":""},"_links":{"self":[{"href":"https:\/\/aquaprosn.com\/tr\/wp-json\/wp\/v2\/pages\/1575"}],"collection":[{"href":"https:\/\/aquaprosn.com\/tr\/wp-json\/wp\/v2\/pages"}],"about":[{"href":"https:\/\/aquaprosn.com\/tr\/wp-json\/wp\/v2\/types\/page"}],"author":[{"embeddable":true,"href":"https:\/\/aquaprosn.com\/tr\/wp-json\/wp\/v2\/users\/1"}],"replies":[{"embeddable":true,"href":"https:\/\/aquaprosn.com\/tr\/wp-json\/wp\/v2\/comments?post=1575"}],"version-history":[{"count":27,"href":"https:\/\/aquaprosn.com\/tr\/wp-json\/wp\/v2\/pages\/1575\/revisions"}],"predecessor-version":[{"id":1918,"href":"https:\/\/aquaprosn.com\/tr\/wp-json\/wp\/v2\/pages\/1575\/revisions\/1918"}],"wp:attachment":[{"href":"https:\/\/aquaprosn.com\/tr\/wp-json\/wp\/v2\/media?parent=1575"}],"curies":[{"name":"wp","href":"https:\/\/api.w.org\/{rel}","templated":true}]}}