{"id":1490,"date":"2024-05-12T14:07:38","date_gmt":"2024-05-12T14:07:38","guid":{"rendered":"https:\/\/aquaprosn.com\/?page_id=1490"},"modified":"2024-05-22T16:22:36","modified_gmt":"2024-05-22T16:22:36","slug":"tuyaux-en-pieces-de-rachange-vannes","status":"publish","type":"page","link":"https:\/\/aquaprosn.com\/tr\/tuyaux-en-pieces-de-rachange-vannes\/","title":{"rendered":"Uh &#8211; pvc\/pprc boru, ek par\u00e7a, vana"},"content":{"rendered":"<div class=\"wpb-content-wrapper\"><p>[vc_row][vc_column width=&#8221;1\/4&#8243;][vc_single_image image=&#8221;1493&#8243; img_size=&#8221;full&#8221; onclick=&#8221;link_image&#8221;][vc_column_text]<\/p>\n<p style=\"text-align: center;\"><span style=\"color: #000000;\"><strong>U-pvc rakorlar<\/strong><\/span><\/p>\n<p>[\/vc_column_text][\/vc_column][vc_column width=&#8221;1\/4&#8243;][vc_single_image image=&#8221;1494&#8243; img_size=&#8221;full&#8221; onclick=&#8221;link_image&#8221;][vc_column_text]<\/p>\n<p style=\"text-align: center;\"><span style=\"color: #000000;\"><strong>U-pvc k\u00fcresel vanalar<\/strong><\/span><\/p>\n<p>[\/vc_column_text][\/vc_column][vc_column width=&#8221;1\/4&#8243;][vc_single_image image=&#8221;1495&#8243; img_size=&#8221;full&#8221; onclick=&#8221;link_image&#8221;][vc_column_text]<\/p>\n<p style=\"text-align: center;\"><span style=\"color: #000000;\"><strong>U-pvc kelebek vanalar<\/strong><\/span><\/p>\n<p>[\/vc_column_text][\/vc_column][vc_column width=&#8221;1\/4&#8243;][vc_single_image image=&#8221;1496&#8243; img_size=&#8221;full&#8221; onclick=&#8221;link_image&#8221;][vc_column_text]<\/p>\n<p style=\"text-align: center;\"><span style=\"color: #000000;\"><strong>U-pvc \u00e7ekvalfler<\/strong><\/span><\/p>\n<p>[\/vc_column_text][\/vc_column][\/vc_row][vc_row][vc_column][vc_empty_space height=&#8221;20&#8243;][vc_separator color=&#8221;sky&#8221;][vc_empty_space height=&#8221;20&#8243;][\/vc_column][\/vc_row][vc_row][vc_column width=&#8221;1\/4&#8243;][vc_single_image image=&#8221;1497&#8243; img_size=&#8221;full&#8221; onclick=&#8221;link_image&#8221;][vc_column_text]<\/p>\n<p style=\"text-align: center;\"><span style=\"color: #000000;\"><strong>Pp, vanalar. \u00e7ekvalfler. rakorlar. boru ve ek par\u00e7alar<\/strong><\/span><\/p>\n<p>[\/vc_column_text][\/vc_column][vc_column width=&#8221;1\/4&#8243;][vc_single_image image=&#8221;1498&#8243; img_size=&#8221;full&#8221; onclick=&#8221;link_image&#8221;][vc_column_text]<\/p>\n<p style=\"text-align: center;\"><span style=\"color: #000000;\"><strong>Uh-pvc \/ pp priz kolye<\/strong><\/span><\/p>\n<p>[\/vc_column_text][\/vc_column][vc_column width=&#8221;1\/4&#8243;][vc_single_image image=&#8221;1499&#8243; img_size=&#8221;full&#8221; onclick=&#8221;link_image&#8221;][vc_column_text]<\/p>\n<p class=\"pb-0\" style=\"text-align: center;\"><span style=\"color: #000000;\"><strong>U-PVC Yap\u0131\u0219t\u0131rma Mu\ufb02u Borular PN 4<\/strong><\/span><\/p>\n<p>[\/vc_column_text][\/vc_column][vc_column width=&#8221;1\/4&#8243;][vc_single_image image=&#8221;1500&#8243; img_size=&#8221;full&#8221; onclick=&#8221;link_image&#8221;][vc_column_text]<\/p>\n<p class=\"pb-0\" style=\"text-align: center;\"><span style=\"color: #000000;\"><strong>U-PVC Yap\u0131\u0219t\u0131rma Mu\ufb02u Borular PN 6<\/strong><\/span><\/p>\n<p>[\/vc_column_text][\/vc_column][\/vc_row][vc_row][vc_column][vc_empty_space height=&#8221;20&#8243;][vc_separator color=&#8221;sky&#8221;][vc_empty_space height=&#8221;20&#8243;][\/vc_column][\/vc_row][vc_row][vc_column width=&#8221;1\/4&#8243;][vc_single_image image=&#8221;1501&#8243; img_size=&#8221;full&#8221; onclick=&#8221;link_image&#8221;][vc_column_text]<\/p>\n<p class=\"pb-0\" style=\"text-align: center;\"><span style=\"color: #000000;\"><strong>U-PVC Yap\u0131\u0219t\u0131rma Mu\ufb02u Borular PN 10<\/strong><\/span><\/p>\n<p>[\/vc_column_text][\/vc_column][vc_column width=&#8221;1\/4&#8243;][vc_single_image image=&#8221;1502&#8243; img_size=&#8221;full&#8221; onclick=&#8221;link_image&#8221;][vc_column_text]<\/p>\n<p class=\"pb-0\" style=\"text-align: center;\"><span style=\"color: #000000;\"><strong>U-PVC Yap\u0131\u0219t\u0131rma Mu\ufb02u Borular PN 16<\/strong><\/span><\/p>\n<p>[\/vc_column_text][\/vc_column][vc_column width=&#8221;1\/4&#8243;][vc_single_image image=&#8221;1503&#8243; img_size=&#8221;full&#8221; onclick=&#8221;link_image&#8221;][vc_column_text]<\/p>\n<p class=\"pb-0\" style=\"text-align: center;\"><span style=\"color: #000000;\"><strong>U-PVC Ge\u00e7me Mu\ufb02u Borular PN 4<\/strong><\/span><\/p>\n<p>[\/vc_column_text][\/vc_column][vc_column width=&#8221;1\/4&#8243;][vc_single_image image=&#8221;1504&#8243; img_size=&#8221;full&#8221; onclick=&#8221;link_image&#8221;][vc_column_text]<\/p>\n<p class=\"pb-0\" style=\"text-align: center;\"><span style=\"color: #000000;\"><strong>U-PVC Ge\u00e7me Mu\ufb02u Borular PN 6<\/strong><\/span><\/p>\n<p>[\/vc_column_text][\/vc_column][\/vc_row][vc_row][vc_column][vc_empty_space height=&#8221;20&#8243;][vc_separator color=&#8221;sky&#8221;][vc_empty_space height=&#8221;20&#8243;][\/vc_column][\/vc_row][vc_row][vc_column width=&#8221;1\/4&#8243;][vc_single_image image=&#8221;1505&#8243; img_size=&#8221;full&#8221; onclick=&#8221;link_image&#8221;][vc_column_text]<\/p>\n<p class=\"pb-0\" style=\"text-align: center;\"><span style=\"color: #000000;\"><strong>U-PVC Ge\u00e7me Muflu Borular PN 10<\/strong><\/span><\/p>\n<p>[\/vc_column_text][\/vc_column][vc_column width=&#8221;1\/4&#8243;][vc_single_image image=&#8221;1506&#8243; img_size=&#8221;full&#8221; onclick=&#8221;link_image&#8221;][vc_column_text]<\/p>\n<p class=\"pb-0\" style=\"text-align: center;\"><span style=\"color: #000000;\"><strong>U-PVC Ge\u00e7me Muflu Borular PN 16<\/strong><\/span><\/p>\n<p>[\/vc_column_text][\/vc_column][vc_column width=&#8221;1\/4&#8243;][vc_single_image image=&#8221;1507&#8243; img_size=&#8221;full&#8221; onclick=&#8221;link_image&#8221;][vc_column_text]<\/p>\n<p class=\"pb-0\" style=\"text-align: center;\"><span style=\"color: #000000;\"><strong>U-PVC Zonder Boru<\/strong><\/span><\/p>\n<p>[\/vc_column_text][\/vc_column][vc_column width=&#8221;1\/4&#8243;][vc_single_image image=&#8221;1508&#8243; img_size=&#8221;full&#8221; onclick=&#8221;link_image&#8221;][vc_column_text]<\/p>\n<p class=\"pb-0\" style=\"text-align: center;\"><span style=\"color: #000000;\"><strong>U-PVC Zonder Boru<\/strong><\/span><\/p>\n<p>[\/vc_column_text][\/vc_column][\/vc_row][vc_row][vc_column][vc_empty_space height=&#8221;20&#8243;][vc_separator color=&#8221;sky&#8221;][vc_empty_space height=&#8221;20&#8243;][\/vc_column][\/vc_row][vc_row][vc_column width=&#8221;1\/4&#8243;][vc_single_image image=&#8221;1509&#8243; img_size=&#8221;full&#8221; onclick=&#8221;link_image&#8221;][vc_column_text]<\/p>\n<p class=\"pb-0\" style=\"text-align: center;\"><span style=\"color: #000000;\"><strong>EPDM Temiz Su Borusu Lastik Contas\u0131<\/strong><\/span><\/p>\n<p>[\/vc_column_text][\/vc_column][vc_column width=&#8221;1\/4&#8243;][vc_single_image image=&#8221;1510&#8243; img_size=&#8221;full&#8221; onclick=&#8221;link_image&#8221;][vc_column_text]<\/p>\n<p class=\"pb-0\" style=\"text-align: center;\"><span style=\"color: #000000;\"><strong>EPDM Yaprak Conta<\/strong><\/span><\/p>\n<p>[\/vc_column_text][\/vc_column][vc_column width=&#8221;1\/4&#8243;][vc_single_image image=&#8221;1511&#8243; img_size=&#8221;full&#8221; onclick=&#8221;link_image&#8221;][vc_column_text]<\/p>\n<p class=\"pb-0\" style=\"text-align: center;\"><span style=\"color: #000000;\"><strong>U-PVC Kaynak \u00c7ubugu<\/strong><\/span><\/p>\n<p>[\/vc_column_text][\/vc_column][vc_column width=&#8221;1\/4&#8243;][vc_single_image image=&#8221;1512&#8243; img_size=&#8221;full&#8221; onclick=&#8221;link_image&#8221;][vc_column_text]<\/p>\n<p class=\"pb-0\" style=\"text-align: center;\"><span style=\"color: #000000;\"><strong>Trifonlu Kelep\u00e7e<\/strong><\/span><\/p>\n<p>[\/vc_column_text][\/vc_column][\/vc_row][vc_row][vc_column][vc_empty_space height=&#8221;20&#8243;][vc_separator color=&#8221;sky&#8221;][vc_empty_space height=&#8221;20&#8243;][\/vc_column][\/vc_row][vc_row][vc_column width=&#8221;1\/4&#8243;][vc_single_image image=&#8221;1513&#8243; img_size=&#8221;full&#8221; onclick=&#8221;link_image&#8221;][vc_column_text]<\/p>\n<p class=\"pb-0\" style=\"text-align: center;\"><span style=\"color: #000000;\"><strong>Somun Kelep\u00e7e (Metal)<\/strong><\/span><\/p>\n<p>[\/vc_column_text][\/vc_column][vc_column width=&#8221;1\/4&#8243;][vc_single_image image=&#8221;1514&#8243; img_size=&#8221;full&#8221; onclick=&#8221;link_image&#8221;][vc_column_text]<\/p>\n<p style=\"text-align: center;\"><span style=\"color: #000000;\"><strong>Boru Kelep\u00e7esi<\/strong><\/span><\/p>\n<p>[\/vc_column_text][\/vc_column][vc_column width=&#8221;1\/4&#8243;][vc_single_image image=&#8221;1515&#8243; img_size=&#8221;full&#8221; onclick=&#8221;link_image&#8221;][vc_column_text]<\/p>\n<p style=\"text-align: center;\"><span style=\"color: #000000;\"><strong>Gijon (Galvanizli)<\/strong><\/span><\/p>\n<p>[\/vc_column_text][\/vc_column][vc_column width=&#8221;1\/4&#8243;][vc_single_image image=&#8221;1516&#8243; img_size=&#8221;full&#8221; onclick=&#8221;link_image&#8221;][vc_column_text]<\/p>\n<p style=\"text-align: center;\"><span style=\"color: #000000;\"><strong>\u00c7akmal\u0131 D\u00fcbel<\/strong><\/span><\/p>\n<p>[\/vc_column_text][\/vc_column][\/vc_row][vc_row][vc_column][vc_empty_space height=&#8221;20&#8243;][vc_separator color=&#8221;sky&#8221;][vc_empty_space height=&#8221;20&#8243;][\/vc_column][\/vc_row][vc_row][vc_column width=&#8221;1\/4&#8243;][vc_single_image image=&#8221;1517&#8243; img_size=&#8221;full&#8221; onclick=&#8221;link_image&#8221;][vc_column_text]<\/p>\n<p class=\"pb-0\" style=\"text-align: center;\"><span style=\"color: #000000;\"><strong>UH-PVC Yap\u0131\u015ft\u0131rma Muflu 90\u00ba Dirsek<\/strong><\/span><\/p>\n<p>[\/vc_column_text][\/vc_column][vc_column width=&#8221;1\/4&#8243;][vc_single_image image=&#8221;1518&#8243; img_size=&#8221;full&#8221; onclick=&#8221;link_image&#8221;][vc_column_text]<\/p>\n<p class=\"pb-0\" style=\"text-align: center;\"><span style=\"color: #000000;\"><strong>UH-PVC Yap\u0131\u015ft\u0131rma Muflu 45\u00ba Dirsek<\/strong><\/span><\/p>\n<p>[\/vc_column_text][\/vc_column][vc_column width=&#8221;1\/4&#8243;][vc_single_image image=&#8221;1519&#8243; img_size=&#8221;full&#8221; onclick=&#8221;link_image&#8221;][vc_column_text]<\/p>\n<p class=\"pb-0\" style=\"text-align: center;\"><span style=\"color: #000000;\"><strong>UH-PVC 90\u00ba Kruva (Istavroz)<\/strong><\/span><\/p>\n<p>[\/vc_column_text][\/vc_column][vc_column width=&#8221;1\/4&#8243;][vc_single_image image=&#8221;1520&#8243; img_size=&#8221;full&#8221; onclick=&#8221;link_image&#8221;][vc_column_text]<\/p>\n<p class=\"pb-0\" style=\"text-align: center;\"><span style=\"color: #000000;\"><strong>UH-PVC Yap\u0131\u015ft\u0131rma Muflu Te<\/strong><\/span><\/p>\n<p>[\/vc_column_text][\/vc_column][\/vc_row][vc_row][vc_column][vc_empty_space height=&#8221;20&#8243;][vc_separator color=&#8221;sky&#8221;][vc_empty_space height=&#8221;20&#8243;][\/vc_column][\/vc_row][vc_row][vc_column width=&#8221;1\/4&#8243;][vc_single_image image=&#8221;1521&#8243; img_size=&#8221;full&#8221; onclick=&#8221;link_image&#8221;][vc_column_text]<\/p>\n<p class=\"pb-0\" style=\"text-align: center;\"><span style=\"color: #000000;\"><strong>UH-PVC Yap\u0131\u015ft\u0131rma Muflu 45\u00ba T<\/strong><\/span><\/p>\n<p>[\/vc_column_text][\/vc_column][vc_column width=&#8221;1\/4&#8243;][vc_single_image image=&#8221;1522&#8243; img_size=&#8221;full&#8221; onclick=&#8221;link_image&#8221;][vc_column_text]<\/p>\n<p class=\"pb-0\" style=\"text-align: center;\"><span style=\"color: #000000;\"><strong>UH-PVC Yap\u0131\u015ft\u0131rma Muflu Man\u015fon<\/strong><\/span><\/p>\n<p>[\/vc_column_text][\/vc_column][vc_column width=&#8221;1\/4&#8243;][vc_single_image image=&#8221;1523&#8243; img_size=&#8221;full&#8221; onclick=&#8221;link_image&#8221;][vc_column_text]<\/p>\n<p class=\"pb-0\" style=\"text-align: center;\"><span style=\"color: #000000;\"><strong>UH-PVC 90\u00b0 Red\u00fcksiyonlu D\u0131\u015f Di\u015f Dirsek<\/strong><\/span><\/p>\n<p>[\/vc_column_text][\/vc_column][vc_column width=&#8221;1\/4&#8243;][vc_single_image image=&#8221;1524&#8243; img_size=&#8221;full&#8221; onclick=&#8221;link_image&#8221;][vc_column_text]<\/p>\n<p class=\"pb-0\" style=\"text-align: center;\"><span style=\"color: #000000;\"><strong>UH-PVC Yap\u0131\u015ft\u0131rma Muflu Inegal Te<\/strong><\/span><\/p>\n<p>[\/vc_column_text][\/vc_column][\/vc_row][vc_row][vc_column][vc_empty_space height=&#8221;20&#8243;][vc_separator color=&#8221;sky&#8221;][vc_empty_space height=&#8221;20&#8243;][\/vc_column][\/vc_row][vc_row][vc_column width=&#8221;1\/4&#8243;][vc_single_image image=&#8221;1524&#8243; img_size=&#8221;full&#8221; onclick=&#8221;link_image&#8221;][vc_column_text]<\/p>\n<p class=\"pb-0\" style=\"text-align: center;\"><span style=\"color: #000000;\"><strong>UH-PVC Yap\u0131\u015ft\u0131rma Muflu Inegal Te<\/strong><\/span><\/p>\n<p>[\/vc_column_text][\/vc_column][vc_column width=&#8221;1\/4&#8243;][vc_single_image image=&#8221;1526&#8243; img_size=&#8221;full&#8221; onclick=&#8221;link_image&#8221;][vc_column_text]<\/p>\n<p class=\"pb-0\" style=\"text-align: center;\"><span style=\"color: #000000;\"><strong>UH-PVC Yap\u0131\u015ft\u0131rma Muflu Red\u00fcksiyon<\/strong><\/span><\/p>\n<p>[\/vc_column_text][\/vc_column][vc_column width=&#8221;1\/4&#8243;][vc_single_image image=&#8221;1527&#8243; img_size=&#8221;full&#8221; onclick=&#8221;link_image&#8221;][vc_column_text]<\/p>\n<p class=\"pb-0\" style=\"text-align: center;\"><span style=\"color: #000000;\"><strong>UH-PVC Yap\u0131\u015ft\u0131rma Muflu K\u00f6r Tapa<\/strong><\/span><\/p>\n<p>[\/vc_column_text][\/vc_column][vc_column width=&#8221;1\/4&#8243;][vc_single_image image=&#8221;1528&#8243; img_size=&#8221;full&#8221; onclick=&#8221;link_image&#8221;][vc_column_text]<\/p>\n<p class=\"pb-0\" style=\"text-align: center;\"><span style=\"color: #000000;\"><strong>UH-PVC Yap\u0131\u015ft\u0131rma Muflu Konik Red\u00fcksiyon<\/strong><\/span><\/p>\n<p>[\/vc_column_text][\/vc_column][\/vc_row][vc_row][vc_column][vc_empty_space height=&#8221;20&#8243;][vc_separator color=&#8221;sky&#8221;][vc_empty_space height=&#8221;20&#8243;][\/vc_column][\/vc_row][vc_row][vc_column width=&#8221;1\/4&#8243;][vc_single_image image=&#8221;1529&#8243; img_size=&#8221;full&#8221; onclick=&#8221;link_image&#8221;][vc_column_text]<\/p>\n<p class=\"pb-0\" style=\"text-align: center;\"><span style=\"color: #000000;\"><strong>UH-PVC Yap\u0131\u015ft\u0131rma Muflu Kole<\/strong><\/span><\/p>\n<p>[\/vc_column_text][\/vc_column][vc_column width=&#8221;1\/4&#8243;][vc_single_image image=&#8221;1530&#8243; img_size=&#8221;full&#8221; onclick=&#8221;link_image&#8221;][vc_column_text]<\/p>\n<p class=\"pb-0\" style=\"text-align: center;\"><span style=\"color: #000000;\"><strong>UH-PVC Yap\u0131\u015ft\u0131rma Muflu Serbest Flan\u015f<\/strong><\/span><\/p>\n<p>[\/vc_column_text][\/vc_column][vc_column width=&#8221;1\/4&#8243;][vc_single_image image=&#8221;1531&#8243; img_size=&#8221;full&#8221; onclick=&#8221;link_image&#8221;][vc_column_text]<\/p>\n<p class=\"pb-0\" style=\"text-align: center;\"><span style=\"color: #000000;\"><strong>UH-PVC \u0130\u00e7ten Di\u015fli Kole<\/strong><\/span><\/p>\n<p>[\/vc_column_text][\/vc_column][vc_column width=&#8221;1\/4&#8243;][vc_single_image image=&#8221;1532&#8243; img_size=&#8221;full&#8221; onclick=&#8221;link_image&#8221;][vc_column_text]<\/p>\n<p class=\"pb-0\" style=\"text-align: center;\"><span style=\"color: #000000;\"><strong>UH-PVC Yap\u0131\u015ft\u0131rma Muflu K\u00f6r Flan\u015f<\/strong><\/span><\/p>\n<p>[\/vc_column_text][\/vc_column][\/vc_row][vc_row][vc_column][vc_empty_space height=&#8221;20&#8243;][vc_separator color=&#8221;sky&#8221;][vc_empty_space height=&#8221;20&#8243;][\/vc_column][\/vc_row][vc_row][vc_column width=&#8221;1\/4&#8243;][vc_single_image image=&#8221;1533&#8243; img_size=&#8221;full&#8221; onclick=&#8221;link_image&#8221;][vc_column_text]<\/p>\n<p class=\"pb-0\" style=\"text-align: center;\"><span style=\"color: #000000;\"><strong>UH-PVC Yap\u0131\u015ft\u0131rma Muflu Flan\u015fl\u0131 Man\u015fon<\/strong><\/span><\/p>\n<p>[\/vc_column_text][\/vc_column][vc_column width=&#8221;1\/4&#8243;][vc_single_image image=&#8221;1534&#8243; img_size=&#8221;full&#8221; onclick=&#8221;link_image&#8221;][vc_column_text]<\/p>\n<p class=\"pb-0\" style=\"text-align: center;\"><span style=\"color: #000000;\"><strong>UH-PVC Yap\u0131\u015ft\u0131rma Muflu Beton Ge\u00e7i\u015f Flan\u015f\u0131<\/strong><\/span><\/p>\n<p>[\/vc_column_text][\/vc_column][vc_column width=&#8221;1\/4&#8243;][vc_single_image image=&#8221;1535&#8243; img_size=&#8221;full&#8221; onclick=&#8221;link_image&#8221;][vc_column_text]<\/p>\n<p class=\"pb-0\" style=\"text-align: center;\"><span style=\"color: #000000;\"><strong>U-PVC G\u00f6zetleme Cam\u0131<\/strong><\/span><\/p>\n<p>[\/vc_column_text][\/vc_column][vc_column width=&#8221;1\/4&#8243;][vc_single_image image=&#8221;1536&#8243; img_size=&#8221;full&#8221; onclick=&#8221;link_image&#8221;][vc_column_text]<\/p>\n<p class=\"pb-0\" style=\"text-align: center;\"><span style=\"color: #000000;\"><strong>U-PVC G\u00f6zetleme Cam\u0131 (Flan\u015f Ba\u011flant\u0131l\u0131)<\/strong><\/span><\/p>\n<p>[\/vc_column_text][\/vc_column][\/vc_row][vc_row][vc_column][vc_empty_space height=&#8221;20&#8243;][vc_separator color=&#8221;sky&#8221;][vc_empty_space height=&#8221;20&#8243;][\/vc_column][\/vc_row][vc_row][vc_column width=&#8221;1\/4&#8243;][vc_single_image image=&#8221;1537&#8243; img_size=&#8221;full&#8221; onclick=&#8221;link_image&#8221;][vc_column_text]<\/p>\n<p class=\"pb-0\" style=\"text-align: center;\"><span style=\"color: #000000;\"><strong>UH-PVC Tek Taraf \u0130\u00e7ten Di\u015fli Red\u00fcksiyonlu Adapt\u00f6r<\/strong><\/span><\/p>\n<p>[\/vc_column_text][\/vc_column][vc_column width=&#8221;1\/4&#8243;][vc_single_image image=&#8221;1538&#8243; img_size=&#8221;full&#8221; onclick=&#8221;link_image&#8221;][vc_column_text]<\/p>\n<p class=\"pb-0\" style=\"text-align: center;\"><span style=\"color: #000000;\"><strong>UH-PVC \u00c7ift Taraf\u0131 \u0130\u00e7ten Di\u015fli Red\u00fcksiyonlu Adapt\u00f6r<\/strong><\/span><\/p>\n<p>[\/vc_column_text][\/vc_column][vc_column width=&#8221;1\/4&#8243;][vc_single_image image=&#8221;1539&#8243; img_size=&#8221;full&#8221; onclick=&#8221;link_image&#8221;][vc_column_text]<\/p>\n<p class=\"pb-0\" style=\"text-align: center;\"><span style=\"color: #000000;\"><strong>UH-PVC D\u0131\u015ftan Di\u015fli Red\u00fcksiyonlu Adapt\u00f6r<\/strong><\/span><\/p>\n<p>[\/vc_column_text][\/vc_column][vc_column width=&#8221;1\/4&#8243;][vc_single_image image=&#8221;1540&#8243; img_size=&#8221;full&#8221; onclick=&#8221;link_image&#8221;][vc_column_text]<\/p>\n<p class=\"pb-0\" style=\"text-align: center;\"><span style=\"color: #000000;\"><strong>UH-PVC D\u0131\u015f Di\u015fli D\u0131\u015ftan Yap\u0131\u015ft\u0131rmal\u0131 Adapt\u00f6r (Uzun Tip)<\/strong><\/span><\/p>\n<p>[\/vc_column_text][\/vc_column][\/vc_row][vc_row][vc_column][vc_empty_space height=&#8221;20&#8243;][vc_separator color=&#8221;sky&#8221;][vc_empty_space height=&#8221;20&#8243;][\/vc_column][\/vc_row][vc_row][vc_column width=&#8221;1\/4&#8243;][vc_single_image image=&#8221;1541&#8243; img_size=&#8221;full&#8221; onclick=&#8221;link_image&#8221;][vc_column_text]<\/p>\n<p class=\"pb-0\" style=\"text-align: center;\"><span style=\"color: #000000;\"><strong>UH-PVC Nipel<\/strong><\/span><\/p>\n<p>[\/vc_column_text][\/vc_column][vc_column width=&#8221;1\/4&#8243;][vc_single_image image=&#8221;1542&#8243; img_size=&#8221;full&#8221; onclick=&#8221;link_image&#8221;][vc_column_text]<\/p>\n<p class=\"pb-0\" style=\"text-align: center;\"><span style=\"color: #000000;\"><strong>UH-PVC Yap\u0131\u015ft\u0131rma Muflu D\u0131\u015ftan Di\u015fli K\u00f6r Tapa<\/strong><\/span><\/p>\n<p>[\/vc_column_text][\/vc_column][vc_column width=&#8221;1\/4&#8243;][vc_single_image image=&#8221;1543&#8243; img_size=&#8221;full&#8221; onclick=&#8221;link_image&#8221;][vc_column_text]<\/p>\n<p class=\"pb-0\" style=\"text-align: center;\"><span style=\"color: #000000;\"><strong>UH-PVC Yap\u0131\u015ft\u0131rma Muflu Flan\u015f Tak\u0131m<\/strong><\/span><\/p>\n<p>[\/vc_column_text][\/vc_column][vc_column width=&#8221;1\/4&#8243;][vc_single_image image=&#8221;1544&#8243; img_size=&#8221;full&#8221; onclick=&#8221;link_image&#8221;][vc_column_text]<\/p>\n<p class=\"pb-0\" style=\"text-align: center;\"><span style=\"color: #000000;\"><strong>UH-PVC \u0130\u00e7ten Di\u015fli K\u00f6r Tapa<\/strong><\/span><\/p>\n<p>[\/vc_column_text][\/vc_column][\/vc_row][vc_row][vc_column][vc_empty_space height=&#8221;20&#8243;][vc_separator color=&#8221;sky&#8221;][vc_empty_space height=&#8221;20&#8243;][\/vc_column][\/vc_row][vc_row][vc_column width=&#8221;1\/4&#8243;][vc_single_image image=&#8221;1545&#8243; img_size=&#8221;full&#8221; onclick=&#8221;link_image&#8221;][vc_column_text]<\/p>\n<p class=\"pb-0\" style=\"text-align: center;\"><span style=\"color: #000000;\"><strong>UH-PVC Tek Taraf D\u0131\u015f Di\u015fli Hortum Adapt\u00f6r\u00fc<\/strong><\/span><\/p>\n<p>[\/vc_column_text][\/vc_column][vc_column width=&#8221;1\/4&#8243;][\/vc_column][vc_column width=&#8221;1\/4&#8243;][\/vc_column][vc_column width=&#8221;1\/4&#8243;][\/vc_column][vc_column][vc_empty_space height=&#8221;40&#8243;][\/vc_column][\/vc_row]<\/p>\n<\/div>","protected":false},"excerpt":{"rendered":"<p>[vc_row][vc_column width=&#8221;1\/4&#8243;][vc_single_image image=&#8221;1493&#8243; img_size=&#8221;full&#8221; onclick=&#8221;link_image&#8221;][vc_column_text] U-pvc rakorlar [\/vc_column_text][\/vc_column][vc_column width=&#8221;1\/4&#8243;][vc_single_image image=&#8221;1494&#8243; img_size=&#8221;full&#8221; onclick=&#8221;link_image&#8221;][vc_column_text] U-pvc k\u00fcresel vanalar [\/vc_column_text][\/vc_column][vc_column width=&#8221;1\/4&#8243;][vc_single_image image=&#8221;1495&#8243; img_size=&#8221;full&#8221; onclick=&#8221;link_image&#8221;][vc_column_text] U-pvc kelebek vanalar [\/vc_column_text][\/vc_column][vc_column width=&#8221;1\/4&#8243;][vc_single_image image=&#8221;1496&#8243; img_size=&#8221;full&#8221; onclick=&#8221;link_image&#8221;][vc_column_text] U-pvc \u00e7ekvalfler [\/vc_column_text][\/vc_column][\/vc_row][vc_row][vc_column][vc_empty_space height=&#8221;20&#8243;][vc_separator color=&#8221;sky&#8221;][vc_empty_space height=&#8221;20&#8243;][\/vc_column][\/vc_row][vc_row][vc_column width=&#8221;1\/4&#8243;][vc_single_image image=&#8221;1497&#8243; img_size=&#8221;full&#8221; onclick=&#8221;link_image&#8221;][vc_column_text] Pp, vanalar. \u00e7ekvalfler. rakorlar. boru ve ek par\u00e7alar [\/vc_column_text][\/vc_column][vc_column width=&#8221;1\/4&#8243;][vc_single_image image=&#8221;1498&#8243; img_size=&#8221;full&#8221; onclick=&#8221;link_image&#8221;][vc_column_text] Uh-pvc \/ pp priz [&hellip;]<\/p>\n","protected":false},"author":1,"featured_media":0,"parent":0,"menu_order":0,"comment_status":"closed","ping_status":"closed","template":"","meta":{"footnotes":""},"_links":{"self":[{"href":"https:\/\/aquaprosn.com\/tr\/wp-json\/wp\/v2\/pages\/1490"}],"collection":[{"href":"https:\/\/aquaprosn.com\/tr\/wp-json\/wp\/v2\/pages"}],"about":[{"href":"https:\/\/aquaprosn.com\/tr\/wp-json\/wp\/v2\/types\/page"}],"author":[{"embeddable":true,"href":"https:\/\/aquaprosn.com\/tr\/wp-json\/wp\/v2\/users\/1"}],"replies":[{"embeddable":true,"href":"https:\/\/aquaprosn.com\/tr\/wp-json\/wp\/v2\/comments?post=1490"}],"version-history":[{"count":23,"href":"https:\/\/aquaprosn.com\/tr\/wp-json\/wp\/v2\/pages\/1490\/revisions"}],"predecessor-version":[{"id":2004,"href":"https:\/\/aquaprosn.com\/tr\/wp-json\/wp\/v2\/pages\/1490\/revisions\/2004"}],"wp:attachment":[{"href":"https:\/\/aquaprosn.com\/tr\/wp-json\/wp\/v2\/media?parent=1490"}],"curies":[{"name":"wp","href":"https:\/\/api.w.org\/{rel}","templated":true}]}}