{"id":1402,"date":"2024-05-12T12:07:07","date_gmt":"2024-05-12T12:07:07","guid":{"rendered":"https:\/\/aquaprosn.com\/?page_id=1402"},"modified":"2024-05-22T16:22:05","modified_gmt":"2024-05-22T16:22:05","slug":"lampes-de-piscine-decoratif-et-fontaine","status":"publish","type":"page","link":"https:\/\/aquaprosn.com\/tr\/lampes-de-piscine-decoratif-et-fontaine\/","title":{"rendered":"S\u00fcs Havuzu Lamba ve F\u0131skiyelere"},"content":{"rendered":"<div class=\"wpb-content-wrapper\"><p>[vc_row][vc_column width=&#8221;1\/4&#8243;][vc_single_image image=&#8221;1405&#8243; img_size=&#8221;full&#8221; onclick=&#8221;custom_link&#8221; link=&#8221;https:\/\/aquaprosn.com\/tr\/luminaires-declairage-krom\/&#8221;][vc_column_text]<\/p>\n<p style=\"text-align: center;\"><a href=\"https:\/\/aquaprosn.com\/tr\/luminaires-declairage-krom\/\"><span style=\"color: #000000;\"><strong>Krom Ayd\u0131nlatma Armat\u00fcrleri >><\/strong><\/span><\/a><\/p>\n<p>[\/vc_column_text][\/vc_column][vc_column width=&#8221;1\/4&#8243;][vc_single_image image=&#8221;1406&#8243; img_size=&#8221;full&#8221; onclick=&#8221;custom_link&#8221; link=&#8221;https:\/\/aquaprosn.com\/tr\/luminaires-economiques-de-piscine-a-led-sur-pied\/&#8221;][vc_column_text]<\/p>\n<p style=\"text-align: center;\"><a href=\"https:\/\/aquaprosn.com\/tr\/luminaires-economiques-de-piscine-a-led-sur-pied\/\"><span style=\"color: #000000;\"><strong>Ekonomik Ayakl\u0131Power Ledli S\u00fcs Havuzu Lambalar\u0131 >><\/strong><\/span><\/a><\/p>\n<p>[\/vc_column_text][\/vc_column][vc_column width=&#8221;1\/4&#8243;][vc_single_image image=&#8221;1407&#8243; img_size=&#8221;full&#8221; onclick=&#8221;custom_link&#8221; link=&#8221;https:\/\/aquaprosn.com\/tr\/buses-en-plastique\/&#8221;][vc_column_text]<\/p>\n<p style=\"text-align: center;\"><a href=\"https:\/\/aquaprosn.com\/tr\/buses-en-plastique\/\"><span style=\"color: #000000;\"><strong>Plastik Nozullar\u00a0 >><\/strong><\/span><\/a><\/p>\n<p>[\/vc_column_text][\/vc_column][vc_column width=&#8221;1\/4&#8243;][vc_single_image image=&#8221;1408&#8243; img_size=&#8221;full&#8221; onclick=&#8221;custom_link&#8221; link=&#8221;https:\/\/aquaprosn.com\/tr\/buses-en-acier-inoxydable-pour-mousse\/&#8221;][vc_column_text]<\/p>\n<p style=\"text-align: center;\"><a href=\"https:\/\/aquaprosn.com\/tr\/buses-en-acier-inoxydable-pour-mousse\/\"><span style=\"color: #000000;\"><strong>Paslanmaz K\u00f6p\u00fck Nozullar\u00a0 >><\/strong><\/span><\/a><\/p>\n<p>[\/vc_column_text][\/vc_column][\/vc_row][vc_row][vc_column][vc_empty_space height=&#8221;20&#8243;][vc_separator color=&#8221;sky&#8221;][vc_empty_space height=&#8221;20&#8243;][\/vc_column][\/vc_row][vc_row][vc_column width=&#8221;1\/4&#8243;][vc_single_image image=&#8221;1409&#8243; img_size=&#8221;full&#8221; onclick=&#8221;link_image&#8221;][vc_column_text]<\/p>\n<p class=\"pb-0\" style=\"text-align: center;\"><span style=\"color: #000000;\"><strong>Paslanmaz Tip Ledli Armat\u00fcr<\/strong><\/span><\/p>\n<p>[\/vc_column_text][\/vc_column][vc_column width=&#8221;1\/4&#8243;][vc_single_image image=&#8221;1410&#8243; img_size=&#8221;full&#8221; onclick=&#8221;link_image&#8221;][vc_column_text]<\/p>\n<p class=\"pb-0\" style=\"text-align: center;\"><span style=\"color: #000000;\"><strong>Krom Kaplama Ledli Armat\u00fcr<\/strong><\/span><\/p>\n<p>[\/vc_column_text][\/vc_column][vc_column width=&#8221;1\/4&#8243;][vc_single_image image=&#8221;1411&#8243; img_size=&#8221;full&#8221; onclick=&#8221;link_image&#8221;][vc_column_text]<\/p>\n<p class=\"pb-0\" style=\"text-align: center;\"><span style=\"color: #000000;\"><strong>Komple Plastik Ledli Armat\u00fcr<\/strong><\/span><\/p>\n<p>[\/vc_column_text][\/vc_column][vc_column width=&#8221;1\/4&#8243;][vc_single_image image=&#8221;1412&#8243; img_size=&#8221;full&#8221; onclick=&#8221;link_image&#8221;][vc_column_text]<\/p>\n<p class=\"pb-0\" style=\"text-align: center;\"><span style=\"color: #000000;\"><strong>\u00d6zenli Kovanl\u0131 Tip Ledli Armat\u00fcr<\/strong><\/span><\/p>\n<p>[\/vc_column_text][\/vc_column][\/vc_row][vc_row][vc_column][vc_empty_space height=&#8221;20&#8243;][vc_separator color=&#8221;sky&#8221;][vc_empty_space height=&#8221;20&#8243;][\/vc_column][\/vc_row][vc_row][vc_column width=&#8221;1\/4&#8243;][vc_single_image image=&#8221;1413&#8243; img_size=&#8221;full&#8221; onclick=&#8221;link_image&#8221;][vc_column_text]<\/p>\n<p class=\"pb-0\" style=\"text-align: center;\"><span style=\"color: #000000;\"><strong>Ortas\u0131 Delikli Ledli Ayd\u0131nlatma Armat\u00fcr<\/strong><\/span><\/p>\n<p>[\/vc_column_text][\/vc_column][vc_column width=&#8221;1\/4&#8243;][vc_single_image image=&#8221;1414&#8243; img_size=&#8221;full&#8221; onclick=&#8221;link_image&#8221;][vc_column_text]<\/p>\n<p class=\"pb-0\" style=\"text-align: center;\"><span style=\"color: #000000;\"><strong>Paslanmaz Kaskad Nozullar<\/strong><\/span><\/p>\n<p>[\/vc_column_text][\/vc_column][vc_column width=&#8221;1\/4&#8243;][vc_single_image image=&#8221;1415&#8243; img_size=&#8221;full&#8221; onclick=&#8221;link_image&#8221;][vc_column_text]<\/p>\n<p class=\"pb-0\" style=\"text-align: center;\"><span style=\"color: #000000;\"><strong>Komet Su Jeti Nozullar\u0131<\/strong><\/span><\/p>\n<p>[\/vc_column_text][\/vc_column][vc_column width=&#8221;1\/4&#8243;][vc_single_image image=&#8221;1416&#8243; img_size=&#8221;full&#8221; onclick=&#8221;link_image&#8221;][vc_column_text]<\/p>\n<p class=\"pb-0\" style=\"text-align: center;\"><span style=\"color: #000000;\"><strong>\u00c7ok Jetli Volkan Nozul<\/strong><\/span><\/p>\n<p>[\/vc_column_text][\/vc_column][\/vc_row][vc_row][vc_column][vc_empty_space height=&#8221;20&#8243;][vc_separator color=&#8221;sky&#8221;][vc_empty_space height=&#8221;20&#8243;][\/vc_column][\/vc_row][vc_row][vc_column width=&#8221;1\/4&#8243;][vc_single_image image=&#8221;1417&#8243; img_size=&#8221;full&#8221; onclick=&#8221;link_image&#8221;][vc_column_text]<\/p>\n<p class=\"pb-0\" style=\"text-align: center;\"><span style=\"color: #000000;\"><strong>Gayzer (\u00c7a\u011flayan Gayzerleri)<\/strong><\/span><\/p>\n<p>[\/vc_column_text][\/vc_column][vc_column width=&#8221;1\/4&#8243;][vc_single_image image=&#8221;1418&#8243; img_size=&#8221;full&#8221; onclick=&#8221;link_image&#8221;][vc_column_text]<\/p>\n<p class=\"pb-0\" style=\"text-align: center;\"><span style=\"color: #000000;\"><strong>Gayzer Su K\u00f6p\u00fc\u011f\u00fc Nozullar\u0131<\/strong><\/span><\/p>\n<p>[\/vc_column_text][\/vc_column][vc_column width=&#8221;1\/4&#8243;][vc_single_image image=&#8221;1419&#8243; img_size=&#8221;full&#8221; onclick=&#8221;link_image&#8221;][vc_column_text]<\/p>\n<p class=\"pb-0\" style=\"text-align: center;\"><span style=\"color: #000000;\"><strong>\u0130\u00e7 \u0130\u00e7e Borulu Ters Su \u0218emsiyesi<\/strong><\/span><\/p>\n<p>[\/vc_column_text][\/vc_column][vc_column width=&#8221;1\/4&#8243;][vc_single_image image=&#8221;1420&#8243; img_size=&#8221;full&#8221; onclick=&#8221;link_image&#8221;][vc_column_text]<\/p>\n<p class=\"pb-0\" style=\"text-align: center;\"><span style=\"color: #000000;\"><strong>Film ve Parmak Yelpaze<\/strong><\/span><\/p>\n<p>[\/vc_column_text][\/vc_column][\/vc_row][vc_row][vc_column][vc_empty_space height=&#8221;20&#8243;][vc_separator color=&#8221;sky&#8221;][vc_empty_space height=&#8221;20&#8243;][\/vc_column][\/vc_row][vc_row][vc_column width=&#8221;1\/4&#8243;][vc_single_image image=&#8221;1421&#8243; img_size=&#8221;full&#8221; onclick=&#8221;link_image&#8221;][vc_column_text]<\/p>\n<p class=\"pb-0\" style=\"text-align: center;\"><span style=\"color: #000000;\"><strong>Zambak Nozullar\u0131<\/strong><\/span><\/p>\n<p>[\/vc_column_text][\/vc_column][vc_column width=&#8221;1\/4&#8243;][vc_single_image image=&#8221;1422&#8243; img_size=&#8221;full&#8221; onclick=&#8221;link_image&#8221;][vc_column_text]<\/p>\n<p class=\"pb-0\" style=\"text-align: center;\"><span style=\"color: #000000;\"><strong>Sisleme Nozulu<\/strong><\/span><\/p>\n<p>[\/vc_column_text][\/vc_column][vc_column width=&#8221;1\/4&#8243;][vc_single_image image=&#8221;1423&#8243; img_size=&#8221;full&#8221; onclick=&#8221;link_image&#8221;][vc_column_text]<\/p>\n<p class=\"pb-0\" style=\"text-align: center;\"><span style=\"color: #000000;\"><strong>K\u00fcre F\u0131skiyeler<\/strong><\/span><\/p>\n<p>[\/vc_column_text][\/vc_column][vc_column width=&#8221;1\/4&#8243;][vc_single_image image=&#8221;1424&#8243; img_size=&#8221;full&#8221; onclick=&#8221;link_image&#8221;][vc_column_text]<\/p>\n<p class=\"pb-0\" style=\"text-align: center;\"><span style=\"color: #000000;\"><strong>K\u00fcre F\u0131skiyeler<\/strong><\/span><\/p>\n<p>[\/vc_column_text][\/vc_column][\/vc_row][vc_row][vc_column][vc_empty_space height=&#8221;20&#8243;][vc_separator color=&#8221;sky&#8221;][vc_empty_space height=&#8221;20&#8243;][\/vc_column][\/vc_row][vc_row][vc_column width=&#8221;1\/4&#8243;][vc_single_image image=&#8221;1425&#8243; img_size=&#8221;full&#8221; onclick=&#8221;link_image&#8221;][vc_column_text]<\/p>\n<p class=\"pb-0\" style=\"text-align: center;\"><span style=\"color: #000000;\"><strong>Jumping Jet F\u0131skiye Sistemi<\/strong><\/span><\/p>\n<p>[\/vc_column_text][\/vc_column][vc_column width=&#8221;1\/4&#8243;][vc_single_image image=&#8221;1426&#8243; img_size=&#8221;full&#8221; onclick=&#8221;link_image&#8221;][vc_column_text]<\/p>\n<p class=\"pb-0\" style=\"text-align: center;\"><span style=\"color: #000000;\"><strong>Dalg\u0131\u00e7 Pompa Ve Motorlar<\/strong><\/span><\/p>\n<p>[\/vc_column_text][\/vc_column][vc_column width=&#8221;1\/4&#8243;][vc_single_image image=&#8221;1427&#8243; img_size=&#8221;full&#8221; onclick=&#8221;link_image&#8221;][vc_column_text]<\/p>\n<p class=\"pb-0\" style=\"text-align: center;\"><span style=\"color: #000000;\"><strong>Tek Jetli Volkan Nozul<\/strong><\/span><\/p>\n<p>[\/vc_column_text][\/vc_column][vc_column width=&#8221;1\/4&#8243;][vc_single_image image=&#8221;1428&#8243; img_size=&#8221;full&#8221; onclick=&#8221;link_image&#8221;][vc_column_text]<\/p>\n<p class=\"pb-0\" style=\"text-align: center;\"><span style=\"color: #000000;\"><strong>Jetsiz Volkan Nozul<\/strong><\/span><\/p>\n<p>[\/vc_column_text][\/vc_column][\/vc_row][vc_row][vc_column][vc_empty_space height=&#8221;20&#8243;][vc_separator color=&#8221;sky&#8221;][vc_empty_space height=&#8221;20&#8243;][\/vc_column][\/vc_row][vc_row][vc_column width=&#8221;1\/4&#8243;][vc_single_image image=&#8221;1429&#8243; img_size=&#8221;full&#8221; onclick=&#8221;link_image&#8221;][vc_column_text]<\/p>\n<p class=\"pb-0\" style=\"text-align: center;\"><span style=\"color: #000000;\"><strong>D\u00f6ner F\u0131skiye<\/strong><\/span><\/p>\n<p>[\/vc_column_text][\/vc_column][vc_column width=&#8221;1\/4&#8243;][vc_single_image image=&#8221;1430&#8243; img_size=&#8221;full&#8221; onclick=&#8221;link_image&#8221;][vc_column_text]<\/p>\n<p class=\"pb-0\" style=\"text-align: center;\"><span style=\"color: #000000;\"><strong>Volkan F\u0131skiye Nozullar\u0131<\/strong><\/span><\/p>\n<p>[\/vc_column_text][\/vc_column][vc_column width=&#8221;1\/4&#8243;][vc_single_image image=&#8221;1431&#8243; img_size=&#8221;full&#8221; onclick=&#8221;link_image&#8221;][vc_column_text]<\/p>\n<p class=\"pb-0\" style=\"text-align: center;\"><span style=\"color: #000000;\"><strong>Volkan F\u0131skiye Nozullar\u0131<\/strong><\/span><\/p>\n<p>[\/vc_column_text][\/vc_column][vc_column width=&#8221;1\/4&#8243;][vc_single_image image=&#8221;1432&#8243; img_size=&#8221;full&#8221; onclick=&#8221;link_image&#8221;][vc_column_text]<\/p>\n<p class=\"pb-0\" style=\"text-align: center;\"><span style=\"color: #000000;\"><strong>D\u00f6nen Helezon F\u0131skiye<\/strong><\/span><\/p>\n<p>[\/vc_column_text][\/vc_column][vc_column][vc_empty_space height=&#8221;40&#8243;][\/vc_column][\/vc_row]<\/p>\n<\/div>","protected":false},"excerpt":{"rendered":"<p>[vc_row][vc_column width=&#8221;1\/4&#8243;][vc_single_image image=&#8221;1405&#8243; img_size=&#8221;full&#8221; onclick=&#8221;custom_link&#8221; link=&#8221;https:\/\/aquaprosn.com\/tr\/luminaires-declairage-krom\/&#8221;][vc_column_text] Krom Ayd\u0131nlatma Armat\u00fcrleri >> [\/vc_column_text][\/vc_column][vc_column width=&#8221;1\/4&#8243;][vc_single_image image=&#8221;1406&#8243; img_size=&#8221;full&#8221; onclick=&#8221;custom_link&#8221; link=&#8221;https:\/\/aquaprosn.com\/tr\/luminaires-economiques-de-piscine-a-led-sur-pied\/&#8221;][vc_column_text] Ekonomik Ayakl\u0131Power Ledli S\u00fcs Havuzu Lambalar\u0131 >> [\/vc_column_text][\/vc_column][vc_column width=&#8221;1\/4&#8243;][vc_single_image image=&#8221;1407&#8243; img_size=&#8221;full&#8221; onclick=&#8221;custom_link&#8221; link=&#8221;https:\/\/aquaprosn.com\/tr\/buses-en-plastique\/&#8221;][vc_column_text] Plastik Nozullar\u00a0 >> [\/vc_column_text][\/vc_column][vc_column width=&#8221;1\/4&#8243;][vc_single_image image=&#8221;1408&#8243; img_size=&#8221;full&#8221; onclick=&#8221;custom_link&#8221; link=&#8221;https:\/\/aquaprosn.com\/tr\/buses-en-acier-inoxydable-pour-mousse\/&#8221;][vc_column_text] Paslanmaz K\u00f6p\u00fck Nozullar\u00a0 >> [\/vc_column_text][\/vc_column][\/vc_row][vc_row][vc_column][vc_empty_space height=&#8221;20&#8243;][vc_separator color=&#8221;sky&#8221;][vc_empty_space height=&#8221;20&#8243;][\/vc_column][\/vc_row][vc_row][vc_column width=&#8221;1\/4&#8243;][vc_single_image image=&#8221;1409&#8243; img_size=&#8221;full&#8221; onclick=&#8221;link_image&#8221;][vc_column_text] Paslanmaz Tip Ledli Armat\u00fcr [\/vc_column_text][\/vc_column][vc_column [&hellip;]<\/p>\n","protected":false},"author":1,"featured_media":0,"parent":0,"menu_order":0,"comment_status":"closed","ping_status":"closed","template":"","meta":{"footnotes":""},"_links":{"self":[{"href":"https:\/\/aquaprosn.com\/tr\/wp-json\/wp\/v2\/pages\/1402"}],"collection":[{"href":"https:\/\/aquaprosn.com\/tr\/wp-json\/wp\/v2\/pages"}],"about":[{"href":"https:\/\/aquaprosn.com\/tr\/wp-json\/wp\/v2\/types\/page"}],"author":[{"embeddable":true,"href":"https:\/\/aquaprosn.com\/tr\/wp-json\/wp\/v2\/users\/1"}],"replies":[{"embeddable":true,"href":"https:\/\/aquaprosn.com\/tr\/wp-json\/wp\/v2\/comments?post=1402"}],"version-history":[{"count":29,"href":"https:\/\/aquaprosn.com\/tr\/wp-json\/wp\/v2\/pages\/1402\/revisions"}],"predecessor-version":[{"id":1991,"href":"https:\/\/aquaprosn.com\/tr\/wp-json\/wp\/v2\/pages\/1402\/revisions\/1991"}],"wp:attachment":[{"href":"https:\/\/aquaprosn.com\/tr\/wp-json\/wp\/v2\/media?parent=1402"}],"curies":[{"name":"wp","href":"https:\/\/api.w.org\/{rel}","templated":true}]}}