{"id":1215,"date":"2024-05-12T06:23:46","date_gmt":"2024-05-12T06:23:46","guid":{"rendered":"https:\/\/aquaprosn.com\/?page_id=1215"},"modified":"2024-05-22T16:20:57","modified_gmt":"2024-05-22T16:20:57","slug":"eclairage-dans-la-piscine-lampes","status":"publish","type":"page","link":"https:\/\/aquaprosn.com\/tr\/eclairage-dans-la-piscine-lampes\/","title":{"rendered":"Havuz \u0130\u00e7i Ayd\u0131nlatmalar"},"content":{"rendered":"<div class=\"wpb-content-wrapper\"><p>[vc_row][vc_column width=&#8221;1\/4&#8243;][vc_single_image image=&#8221;1216&#8243; img_size=&#8221;full&#8221; onclick=&#8221;link_image&#8221;][vc_column_text]<\/p>\n<p class=\"pb-0\" style=\"text-align: center;\"><strong><span style=\"color: #000000;\">Ekonomik Model Plastik G\u00f6vdeli 25W\/12V Kovanl\u0131 Lamba (Ledli)<\/span><\/strong><\/p>\n<p>[\/vc_column_text][\/vc_column][vc_column width=&#8221;1\/4&#8243;][vc_single_image image=&#8221;1217&#8243; img_size=&#8221;full&#8221; onclick=&#8221;link_image&#8221;][vc_column_text]<\/p>\n<p class=\"pb-0\" style=\"text-align: center;\"><span style=\"color: #000000;\"><strong>Al\u00fcminyum G\u00f6vde Su So\u011futmal\u0131 30W\/12V Kovanl\u0131 Lamba (Ledli)<\/strong><\/span><\/p>\n<p>[\/vc_column_text][\/vc_column][vc_column width=&#8221;1\/4&#8243;][vc_single_image image=&#8221;1218&#8243; img_size=&#8221;full&#8221; onclick=&#8221;link_image&#8221;][vc_column_text]<\/p>\n<p class=\"pb-0\" style=\"text-align: center;\"><span style=\"color: #000000;\"><strong>Ekonomik S\u0131va \u00dcst\u00fc 30W\/12V<\/strong><\/span><\/p>\n<p>[\/vc_column_text][\/vc_column][vc_column width=&#8221;1\/4&#8243;][vc_single_image image=&#8221;1219&#8243; img_size=&#8221;full&#8221; onclick=&#8221;link_image&#8221;][vc_column_text]<\/p>\n<p class=\"pb-0\" style=\"text-align: center;\"><span style=\"color: #000000;\"><strong>Al\u00fcminyum G\u00f6vde Su So\u011futmal\u0131 30 W\/12V S\u0131va \u00dcst\u00fc Lamba (Ledli)<\/strong><\/span><\/p>\n<p>[\/vc_column_text][\/vc_column][\/vc_row][vc_row][vc_column][vc_empty_space height=&#8221;20&#8243;][vc_separator color=&#8221;blue&#8221;][vc_empty_space height=&#8221;20&#8243;][\/vc_column][\/vc_row][vc_row][vc_column width=&#8221;1\/4&#8243;][vc_single_image image=&#8221;1220&#8243; img_size=&#8221;full&#8221; onclick=&#8221;link_image&#8221;][vc_column_text]<\/p>\n<p class=\"pb-0\" style=\"text-align: center;\"><span style=\"color: #000000;\"><strong>300W\/12V Kovanl\u0131 Lamba<\/strong><\/span><\/p>\n<p>[\/vc_column_text][\/vc_column][vc_column width=&#8221;1\/4&#8243;][vc_single_image image=&#8221;1221&#8243; img_size=&#8221;full&#8221; onclick=&#8221;link_image&#8221;][vc_column_text]<\/p>\n<p class=\"pb-0\" style=\"text-align: center;\"><span style=\"color: #000000;\"><strong>Havuz I\u00e7i Ayd\u0131nlatma Lambalar\u0131 I\u00e7in Paslanmaz \u00c7er\u00e7eve 304 AISI<\/strong><\/span><\/p>\n<p>[\/vc_column_text][\/vc_column][vc_column width=&#8221;1\/4&#8243;][vc_single_image image=&#8221;1222&#8243; img_size=&#8221;full&#8221; onclick=&#8221;link_image&#8221;][vc_column_text]<\/p>\n<p class=\"pb-0\" style=\"text-align: center;\"><span style=\"color: #000000;\"><strong>12-18-25W \/ 12V Par 56 Ekonomik Model Led Ampuller<\/strong><\/span><\/p>\n<p>[\/vc_column_text][\/vc_column][vc_column width=&#8221;1\/4&#8243;][vc_single_image image=&#8221;1223&#8243; img_size=&#8221;full&#8221; onclick=&#8221;link_image&#8221;][vc_column_text]<\/p>\n<p class=\"pb-0\" style=\"text-align: center;\"><span style=\"color: #000000;\"><strong>30W \/ 12V Par 56 Model Su Sogutmal\u0131 Led Ampuller<\/strong><\/span><\/p>\n<p>[\/vc_column_text][\/vc_column][\/vc_row][vc_row][vc_column][vc_empty_space height=&#8221;20&#8243;][vc_separator color=&#8221;blue&#8221;][vc_empty_space height=&#8221;20&#8243;][\/vc_column][\/vc_row][vc_row][vc_column width=&#8221;1\/4&#8243;][vc_single_image image=&#8221;1224&#8243; img_size=&#8221;full&#8221; onclick=&#8221;link_image&#8221;][vc_column_text]<\/p>\n<p class=\"pb-0\" style=\"text-align: center;\"><span style=\"color: #000000;\"><strong>100-300W \/ 12V Yedek Amp\u00fcller<\/strong><\/span><\/p>\n<p>[\/vc_column_text][\/vc_column][vc_column width=&#8221;1\/4&#8243;][vc_single_image image=&#8221;1225&#8243; img_size=&#8221;full&#8221; onclick=&#8221;link_image&#8221;][vc_column_text]<\/p>\n<p class=\"pb-0\" style=\"text-align: center;\"><span style=\"color: #000000;\"><strong>Trafolar (12V)<\/strong><\/span><\/p>\n<p>[\/vc_column_text][\/vc_column][vc_column width=&#8221;1\/4&#8243;][vc_single_image image=&#8221;1226&#8243; img_size=&#8221;full&#8221; onclick=&#8221;link_image&#8221;][vc_column_text]<\/p>\n<p class=\"pb-0\" style=\"text-align: center;\"><span style=\"color: #000000;\"><strong>Lamba Beton Kal\u0131b\u0131<\/strong><\/span><\/p>\n<p>[\/vc_column_text][\/vc_column][vc_column width=&#8221;1\/4&#8243;][vc_single_image image=&#8221;1227&#8243; img_size=&#8221;full&#8221; onclick=&#8221;link_image&#8221;][vc_column_text]<\/p>\n<p class=\"pb-0\" style=\"text-align: center;\"><span style=\"color: #000000;\"><strong>Kablo ve Kablo K\u0131l\u0131f\u0131<\/strong><\/span><\/p>\n<p>[\/vc_column_text][\/vc_column][\/vc_row][vc_row][vc_column][vc_empty_space height=&#8221;20&#8243;][vc_separator color=&#8221;blue&#8221;][vc_empty_space height=&#8221;20&#8243;][\/vc_column][\/vc_row][vc_row][vc_column width=&#8221;1\/4&#8243;][vc_single_image image=&#8221;1228&#8243; img_size=&#8221;full&#8221; onclick=&#8221;link_image&#8221;][vc_column_text]<\/p>\n<p class=\"pb-0\" style=\"text-align: center;\"><span style=\"color: #000000;\"><strong>RGB Kumanda \u00dcnitesi<\/strong><\/span><\/p>\n<p>[\/vc_column_text][\/vc_column][vc_column width=&#8221;1\/4&#8243;][vc_single_image image=&#8221;1229&#8243; img_size=&#8221;full&#8221; onclick=&#8221;link_image&#8221;][vc_column_text]<\/p>\n<p style=\"text-align: center;\"><span style=\"color: #000000;\"><strong>Villa Tipi Pano<\/strong><\/span><\/p>\n<p>[\/vc_column_text][\/vc_column][vc_column width=&#8221;1\/4&#8243;][vc_single_image image=&#8221;1230&#8243; img_size=&#8221;full&#8221; onclick=&#8221;link_image&#8221;][vc_column_text]<\/p>\n<p class=\"pb-0\" style=\"text-align: center;\"><span style=\"color: #000000;\"><strong>Siemens Malzemeli Elektrik Kumanda Panolar\u0131<\/strong><\/span><\/p>\n<p>[\/vc_column_text][\/vc_column][vc_column width=&#8221;1\/4&#8243;][vc_single_image image=&#8221;1231&#8243; img_size=&#8221;full&#8221; onclick=&#8221;link_image&#8221;][vc_column_text]<\/p>\n<p class=\"pb-0\" style=\"text-align: center;\"><span style=\"color: #000000;\"><strong>Ekonomik Kumanda Panolar\u0131<\/strong><\/span><\/p>\n<p>[\/vc_column_text][\/vc_column][vc_column][vc_empty_space height=&#8221;40&#8243;][\/vc_column][\/vc_row]<\/p>\n<\/div>","protected":false},"excerpt":{"rendered":"<p>[vc_row][vc_column width=&#8221;1\/4&#8243;][vc_single_image image=&#8221;1216&#8243; img_size=&#8221;full&#8221; onclick=&#8221;link_image&#8221;][vc_column_text] Ekonomik Model Plastik G\u00f6vdeli 25W\/12V Kovanl\u0131 Lamba (Ledli) [\/vc_column_text][\/vc_column][vc_column width=&#8221;1\/4&#8243;][vc_single_image image=&#8221;1217&#8243; img_size=&#8221;full&#8221; onclick=&#8221;link_image&#8221;][vc_column_text] Al\u00fcminyum G\u00f6vde Su So\u011futmal\u0131 30W\/12V Kovanl\u0131 Lamba (Ledli) [\/vc_column_text][\/vc_column][vc_column width=&#8221;1\/4&#8243;][vc_single_image image=&#8221;1218&#8243; img_size=&#8221;full&#8221; onclick=&#8221;link_image&#8221;][vc_column_text] Ekonomik S\u0131va \u00dcst\u00fc 30W\/12V [\/vc_column_text][\/vc_column][vc_column width=&#8221;1\/4&#8243;][vc_single_image image=&#8221;1219&#8243; img_size=&#8221;full&#8221; onclick=&#8221;link_image&#8221;][vc_column_text] Al\u00fcminyum G\u00f6vde Su So\u011futmal\u0131 30 W\/12V S\u0131va \u00dcst\u00fc Lamba (Ledli) [\/vc_column_text][\/vc_column][\/vc_row][vc_row][vc_column][vc_empty_space height=&#8221;20&#8243;][vc_separator color=&#8221;blue&#8221;][vc_empty_space height=&#8221;20&#8243;][\/vc_column][\/vc_row][vc_row][vc_column width=&#8221;1\/4&#8243;][vc_single_image [&hellip;]<\/p>\n","protected":false},"author":1,"featured_media":0,"parent":0,"menu_order":0,"comment_status":"closed","ping_status":"closed","template":"","meta":{"footnotes":""},"_links":{"self":[{"href":"https:\/\/aquaprosn.com\/tr\/wp-json\/wp\/v2\/pages\/1215"}],"collection":[{"href":"https:\/\/aquaprosn.com\/tr\/wp-json\/wp\/v2\/pages"}],"about":[{"href":"https:\/\/aquaprosn.com\/tr\/wp-json\/wp\/v2\/types\/page"}],"author":[{"embeddable":true,"href":"https:\/\/aquaprosn.com\/tr\/wp-json\/wp\/v2\/users\/1"}],"replies":[{"embeddable":true,"href":"https:\/\/aquaprosn.com\/tr\/wp-json\/wp\/v2\/comments?post=1215"}],"version-history":[{"count":26,"href":"https:\/\/aquaprosn.com\/tr\/wp-json\/wp\/v2\/pages\/1215\/revisions"}],"predecessor-version":[{"id":1938,"href":"https:\/\/aquaprosn.com\/tr\/wp-json\/wp\/v2\/pages\/1215\/revisions\/1938"}],"wp:attachment":[{"href":"https:\/\/aquaprosn.com\/tr\/wp-json\/wp\/v2\/media?parent=1215"}],"curies":[{"name":"wp","href":"https:\/\/api.w.org\/{rel}","templated":true}]}}