{"id":1206,"date":"2024-05-12T06:16:39","date_gmt":"2024-05-12T06:16:39","guid":{"rendered":"https:\/\/aquaprosn.com\/?page_id=1206"},"modified":"2024-05-22T16:21:47","modified_gmt":"2024-05-22T16:21:47","slug":"autres-produits","status":"publish","type":"page","link":"https:\/\/aquaprosn.com\/tr\/autres-produits\/","title":{"rendered":"Di\u011fer \u00dcr\u00fcnler"},"content":{"rendered":"<div class=\"wpb-content-wrapper\"><p>[vc_row][vc_column width=&#8221;1\/4&#8243;][vc_single_image image=&#8221;1207&#8243; img_size=&#8221;full&#8221; onclick=&#8221;link_image&#8221;][vc_column_text]<\/p>\n<p class=\"pb-0\" style=\"text-align: center;\"><span style=\"color: #000000;\"><strong>ABS \u00c7ok Yollu Vanalar<\/strong><\/span><\/p>\n<p>[\/vc_column_text][\/vc_column][vc_column width=&#8221;1\/4&#8243;][vc_single_image image=&#8221;1208&#8243; img_size=&#8221;full&#8221; onclick=&#8221;link_image&#8221;][vc_column_text]<\/p>\n<p class=\"pb-0\" style=\"text-align: center;\"><span style=\"color: #000000;\"><strong>Kuvars Filtre Kumu<\/strong><\/span><\/p>\n<p>[\/vc_column_text][\/vc_column][vc_column width=&#8221;1\/4&#8243;][vc_single_image image=&#8221;1209&#8243; img_size=&#8221;full&#8221; onclick=&#8221;link_image&#8221;][vc_column_text]<\/p>\n<p class=\"pb-0\" style=\"text-align: center;\"><span style=\"color: #000000;\"><strong>Yedek Par\u00e7alar<\/strong><\/span><\/p>\n<p>[\/vc_column_text][\/vc_column][vc_column width=&#8221;1\/4&#8243;][\/vc_column][vc_column][vc_empty_space height=&#8221;40&#8243;][\/vc_column][\/vc_row]<\/p>\n<\/div>","protected":false},"excerpt":{"rendered":"<p>[vc_row][vc_column width=&#8221;1\/4&#8243;][vc_single_image image=&#8221;1207&#8243; img_size=&#8221;full&#8221; onclick=&#8221;link_image&#8221;][vc_column_text] ABS \u00c7ok Yollu Vanalar [\/vc_column_text][\/vc_column][vc_column width=&#8221;1\/4&#8243;][vc_single_image image=&#8221;1208&#8243; img_size=&#8221;full&#8221; onclick=&#8221;link_image&#8221;][vc_column_text] Kuvars Filtre Kumu [\/vc_column_text][\/vc_column][vc_column width=&#8221;1\/4&#8243;][vc_single_image image=&#8221;1209&#8243; img_size=&#8221;full&#8221; onclick=&#8221;link_image&#8221;][vc_column_text] Yedek Par\u00e7alar [\/vc_column_text][\/vc_column][vc_column width=&#8221;1\/4&#8243;][\/vc_column][vc_column][vc_empty_space height=&#8221;40&#8243;][\/vc_column][\/vc_row]<\/p>\n","protected":false},"author":1,"featured_media":0,"parent":0,"menu_order":0,"comment_status":"closed","ping_status":"closed","template":"","meta":{"footnotes":""},"_links":{"self":[{"href":"https:\/\/aquaprosn.com\/tr\/wp-json\/wp\/v2\/pages\/1206"}],"collection":[{"href":"https:\/\/aquaprosn.com\/tr\/wp-json\/wp\/v2\/pages"}],"about":[{"href":"https:\/\/aquaprosn.com\/tr\/wp-json\/wp\/v2\/types\/page"}],"author":[{"embeddable":true,"href":"https:\/\/aquaprosn.com\/tr\/wp-json\/wp\/v2\/users\/1"}],"replies":[{"embeddable":true,"href":"https:\/\/aquaprosn.com\/tr\/wp-json\/wp\/v2\/comments?post=1206"}],"version-history":[{"count":5,"href":"https:\/\/aquaprosn.com\/tr\/wp-json\/wp\/v2\/pages\/1206\/revisions"}],"predecessor-version":[{"id":1931,"href":"https:\/\/aquaprosn.com\/tr\/wp-json\/wp\/v2\/pages\/1206\/revisions\/1931"}],"wp:attachment":[{"href":"https:\/\/aquaprosn.com\/tr\/wp-json\/wp\/v2\/media?parent=1206"}],"curies":[{"name":"wp","href":"https:\/\/api.w.org\/{rel}","templated":true}]}}