{"id":1120,"date":"2024-05-11T10:24:20","date_gmt":"2024-05-11T10:24:20","guid":{"rendered":"https:\/\/aquaprosn.com\/?page_id=1120"},"modified":"2024-07-04T22:29:31","modified_gmt":"2024-07-04T22:29:31","slug":"produit","status":"publish","type":"page","link":"https:\/\/aquaprosn.com\/tr\/produit\/","title":{"rendered":"\u00dcR\u00dcNLER"},"content":{"rendered":"<div class=\"wpb-content-wrapper\"><p>[vc_row][vc_column width=&#8221;1\/4&#8243;][vc_single_image image=&#8221;1107&#8243; img_size=&#8221;full&#8221; onclick=&#8221;custom_link&#8221; link=&#8221;https:\/\/aquaprosn.com\/tr\/pompes-de-piscine\/&#8221;][vc_empty_space height=&#8221;20&#8243;][vc_column_text]<\/p>\n<h4 style=\"text-align: center;\"><a href=\"https:\/\/aquaprosn.com\/tr\/pompes-de-piscine\/\"><strong>HAVUZ POMPALARI >><\/strong><\/a><\/h4>\n<p>[\/vc_column_text][vc_empty_space height=&#8221;20&#8243;][\/vc_column][vc_column width=&#8221;1\/4&#8243;][vc_single_image image=&#8221;1127&#8243; img_size=&#8221;full&#8221; onclick=&#8221;custom_link&#8221; link=&#8221;https:\/\/aquaprosn.com\/tr\/filtres-a-sable\/&#8221;][vc_empty_space height=&#8221;20&#8243;][vc_column_text]<\/p>\n<h4 style=\"text-align: center;\"><a href=\"https:\/\/aquaprosn.com\/tr\/filtres-a-sable\/\"><strong>KUM F\u0130LTRELER\u0130 >><\/strong><\/a><\/h4>\n<p>[\/vc_column_text][vc_empty_space height=&#8221;20&#8243;][\/vc_column][vc_column width=&#8221;1\/4&#8243;][vc_single_image image=&#8221;1125&#8243; img_size=&#8221;full&#8221; onclick=&#8221;custom_link&#8221; link=&#8221;https:\/\/aquaprosn.com\/tr\/eclairage-dans-la-piscine-lampes\/&#8221;][vc_empty_space height=&#8221;20&#8243;][vc_column_text]<\/p>\n<h4 style=\"text-align: center;\"><strong><a href=\"https:\/\/aquaprosn.com\/tr\/eclairage-dans-la-piscine-lampes\/\">HAVUZ \u0130\u00c7\u0130 AYDINLATMA EK\u0130PMANLARI >><\/a><\/strong><\/h4>\n<p>[\/vc_column_text][vc_empty_space height=&#8221;20&#8243;][\/vc_column][vc_column width=&#8221;1\/4&#8243;][vc_single_image image=&#8221;1123&#8243; img_size=&#8221;full&#8221; onclick=&#8221;custom_link&#8221; link=&#8221;https:\/\/aquaprosn.com\/tr\/equipements-de-bord-de-piscine\/&#8221;][vc_empty_space height=&#8221;20&#8243;][vc_column_text]<\/p>\n<h4 style=\"text-align: center;\"><a href=\"https:\/\/aquaprosn.com\/tr\/equipements-de-bord-de-piscine\/\"><strong>HAVUZ \u0130\u00c7\u0130 KENAR EK\u0130PMANLARI >><\/strong><\/a><\/h4>\n<p>[\/vc_column_text][vc_empty_space height=&#8221;20&#8243;][\/vc_column][\/vc_row][vc_row][vc_column][vc_empty_space height=&#8221;20&#8243;][vc_separator color=&#8221;sky&#8221;][vc_empty_space height=&#8221;20&#8243;][\/vc_column][\/vc_row][vc_row][vc_column width=&#8221;1\/4&#8243;][vc_single_image image=&#8221;1134&#8243; img_size=&#8221;full&#8221; onclick=&#8221;custom_link&#8221; link=&#8221;https:\/\/aquaprosn.com\/tr\/equipements-dhygiene-pour-linterieur-de-piscine\/&#8221;][vc_empty_space height=&#8221;20&#8243;][vc_column_text]<\/p>\n<h4 style=\"text-align: center;\"><a href=\"https:\/\/aquaprosn.com\/tr\/equipements-dhygiene-pour-linterieur-de-piscine\/\"><strong>HAVUZ \u0130\u00c7\u0130 TEM\u0130ZL\u0130K EK\u0130PMANLARI >><\/strong><\/a><\/h4>\n<p>[\/vc_column_text][vc_empty_space height=&#8221;20&#8243;][\/vc_column][vc_column width=&#8221;1\/4&#8243;][vc_single_image image=&#8221;1121&#8243; img_size=&#8221;full&#8221; onclick=&#8221;custom_link&#8221; link=&#8221;https:\/\/aquaprosn.com\/tr\/systemes-de-desinfection\/&#8221;][vc_empty_space height=&#8221;20&#8243;][vc_column_text]<\/p>\n<h4 style=\"text-align: center;\"><a href=\"https:\/\/aquaprosn.com\/tr\/systemes-de-desinfection\/\"><strong>DEZENFEKS\u0130YON S\u0130STEMLER\u0130 >><\/strong><\/a><\/h4>\n<p>[\/vc_column_text][vc_empty_space height=&#8221;20&#8243;][\/vc_column][vc_column width=&#8221;1\/4&#8243;][vc_single_image image=&#8221;2039&#8243; img_size=&#8221;160*157&#8243; alignment=&#8221;center&#8221; onclick=&#8221;custom_link&#8221; link=&#8221;https:\/\/aquaprosn.com\/tr\/produiits-chimiques-de-piscine\/&#8221;][vc_empty_space height=&#8221;20&#8243;][vc_column_text]<\/p>\n<h4 style=\"text-align: center;\"><a href=\"https:\/\/aquaprosn.com\/tr\/produiits-chimiques-de-piscine\/\"><strong>HAVUZ K\u0130MYASALLARI >><\/strong><\/a><\/h4>\n<p>[\/vc_column_text][vc_empty_space height=&#8221;20&#8243;][\/vc_column][vc_column width=&#8221;1\/4&#8243;][vc_single_image image=&#8221;1122&#8243; img_size=&#8221;full&#8221; onclick=&#8221;custom_link&#8221; link=&#8221;https:\/\/aquaprosn.com\/tr\/autres-produits\/&#8221;][vc_empty_space height=&#8221;20&#8243;][vc_column_text]<\/p>\n<h4 style=\"text-align: center;\"><a href=\"https:\/\/aquaprosn.com\/tr\/autres-produits\/\"><strong>D\u0130\u011eER \u00dcR\u00dcNLER >><\/strong><\/a><\/h4>\n<p>[\/vc_column_text][vc_empty_space height=&#8221;20&#8243;][\/vc_column][\/vc_row][vc_row][vc_column][vc_empty_space height=&#8221;20&#8243;][vc_separator color=&#8221;sky&#8221;][vc_empty_space height=&#8221;20&#8243;][\/vc_column][\/vc_row][vc_row][vc_column width=&#8221;1\/4&#8243;][vc_single_image image=&#8221;1795&#8243; img_size=&#8221;full&#8221; onclick=&#8221;custom_link&#8221; link=&#8221;https:\/\/aquaprosn.com\/tr\/materiel-pour-piscines-olympiques\/&#8221;][vc_empty_space height=&#8221;20&#8243;][vc_column_text]<\/p>\n<h4 style=\"text-align: center;\"><strong><a href=\"https:\/\/aquaprosn.com\/tr\/materiel-pour-piscines-olympiques\/\">OL\u0130MP\u0130K HAVUZ ALZEMELER\u0130 >><\/a><\/strong><\/h4>\n<p>[\/vc_column_text][vc_empty_space height=&#8221;20&#8243;][\/vc_column][vc_column width=&#8221;1\/4&#8243;][vc_single_image image=&#8221;1131&#8243; img_size=&#8221;full&#8221; onclick=&#8221;custom_link&#8221; link=&#8221;https:\/\/aquaprosn.com\/tr\/lampes-de-piscine-decoratif-et-fontaine\/&#8221;][vc_empty_space height=&#8221;20&#8243;][vc_column_text]<\/p>\n<h4 style=\"text-align: center;\"><a href=\"https:\/\/aquaprosn.com\/tr\/lampes-de-piscine-decoratif-et-fontaine\/\"><strong>S\u00dcS HAVUZU LAMBA VE FISK\u0130YELER >><\/strong><\/a><\/h4>\n<p>[\/vc_column_text][vc_empty_space height=&#8221;20&#8243;][\/vc_column][vc_column width=&#8221;1\/4&#8243;][vc_single_image image=&#8221;1130&#8243; img_size=&#8221;full&#8221; onclick=&#8221;custom_link&#8221; link=&#8221;https:\/\/aquaprosn.com\/tr\/les-produits-de-spa\/&#8221;][vc_empty_space height=&#8221;20&#8243;][vc_column_text]<\/p>\n<h4 style=\"text-align: center;\"><a href=\"https:\/\/aquaprosn.com\/tr\/les-produits-de-spa\/\"><strong>SPA \u00dcR\u00dcNLER\u0130 >><\/strong><\/a><\/h4>\n<p>[\/vc_column_text][vc_empty_space height=&#8221;20&#8243;][\/vc_column][vc_column width=&#8221;1\/4&#8243;][vc_single_image image=&#8221;1128&#8243; img_size=&#8221;full&#8221; onclick=&#8221;custom_link&#8221; link=&#8221;https:\/\/aquaprosn.com\/tr\/piscine-prefabriquee\/&#8221;][vc_empty_space height=&#8221;20&#8243;][vc_column_text]<\/p>\n<h4 style=\"text-align: center;\"><a href=\"https:\/\/aquaprosn.com\/tr\/piscine-prefabriquee\/\"><strong>PREFABR\u0130K HAVUZLAR >><\/strong><\/a><\/h4>\n<p>[\/vc_column_text][vc_empty_space height=&#8221;20&#8243;][\/vc_column][\/vc_row][vc_row][vc_column][vc_empty_space height=&#8221;20&#8243;][vc_separator color=&#8221;sky&#8221;][vc_empty_space height=&#8221;20&#8243;][\/vc_column][\/vc_row][vc_row][vc_column width=&#8221;1\/4&#8243;][vc_single_image image=&#8221;1132&#8243; img_size=&#8221;full&#8221; onclick=&#8221;custom_link&#8221; link=&#8221;https:\/\/aquaprosn.com\/tr\/tuyaux-en-pieces-de-rachange-vannes\/&#8221;][vc_empty_space height=&#8221;20&#8243;][vc_column_text]<\/p>\n<h4 style=\"text-align: center;\"><a href=\"https:\/\/aquaprosn.com\/tr\/tuyaux-en-pieces-de-rachange-vannes\/\"><strong>UH &#8211; PVC \/ PPRC BORU &#8211; EK PAR\u00c7A &#8211; VANA >><\/strong><\/a><\/h4>\n<p>[\/vc_column_text][vc_empty_space height=&#8221;20&#8243;][\/vc_column][vc_column width=&#8221;1\/4&#8243;][vc_single_image image=&#8221;1133&#8243; img_size=&#8221;full&#8221; onclick=&#8221;custom_link&#8221; link=&#8221;https:\/\/aquaprosn.com\/piece-de-rechange\/&#8221;][vc_empty_space height=&#8221;20&#8243;][vc_column_text]<\/p>\n<h4 style=\"text-align: center;\"><a href=\"https:\/\/aquaprosn.com\/tr\/piece-de-rechange\/\"><strong>YEDEK PAR\u00c7ALAR >><\/strong><\/a><\/h4>\n<p>[\/vc_column_text][vc_empty_space height=&#8221;20&#8243;][\/vc_column][vc_column width=&#8221;1\/4&#8243;][\/vc_column][vc_column width=&#8221;1\/4&#8243;][\/vc_column][vc_column][vc_empty_space height=&#8221;40&#8243;][\/vc_column][\/vc_row]<\/p>\n<\/div>","protected":false},"excerpt":{"rendered":"<p>[vc_row][vc_column width=&#8221;1\/4&#8243;][vc_single_image image=&#8221;1107&#8243; img_size=&#8221;full&#8221; onclick=&#8221;custom_link&#8221; link=&#8221;https:\/\/aquaprosn.com\/tr\/pompes-de-piscine\/&#8221;][vc_empty_space height=&#8221;20&#8243;][vc_column_text] HAVUZ POMPALARI >> [\/vc_column_text][vc_empty_space height=&#8221;20&#8243;][\/vc_column][vc_column width=&#8221;1\/4&#8243;][vc_single_image image=&#8221;1127&#8243; img_size=&#8221;full&#8221; onclick=&#8221;custom_link&#8221; link=&#8221;https:\/\/aquaprosn.com\/tr\/filtres-a-sable\/&#8221;][vc_empty_space height=&#8221;20&#8243;][vc_column_text] KUM F\u0130LTRELER\u0130 >> [\/vc_column_text][vc_empty_space height=&#8221;20&#8243;][\/vc_column][vc_column width=&#8221;1\/4&#8243;][vc_single_image image=&#8221;1125&#8243; img_size=&#8221;full&#8221; onclick=&#8221;custom_link&#8221; link=&#8221;https:\/\/aquaprosn.com\/tr\/eclairage-dans-la-piscine-lampes\/&#8221;][vc_empty_space height=&#8221;20&#8243;][vc_column_text] HAVUZ \u0130\u00c7\u0130 AYDINLATMA EK\u0130PMANLARI >> [\/vc_column_text][vc_empty_space height=&#8221;20&#8243;][\/vc_column][vc_column width=&#8221;1\/4&#8243;][vc_single_image image=&#8221;1123&#8243; img_size=&#8221;full&#8221; onclick=&#8221;custom_link&#8221; link=&#8221;https:\/\/aquaprosn.com\/tr\/equipements-de-bord-de-piscine\/&#8221;][vc_empty_space height=&#8221;20&#8243;][vc_column_text] HAVUZ \u0130\u00c7\u0130 KENAR EK\u0130PMANLARI >> [\/vc_column_text][vc_empty_space height=&#8221;20&#8243;][\/vc_column][\/vc_row][vc_row][vc_column][vc_empty_space height=&#8221;20&#8243;][vc_separator color=&#8221;sky&#8221;][vc_empty_space height=&#8221;20&#8243;][\/vc_column][\/vc_row][vc_row][vc_column width=&#8221;1\/4&#8243;][vc_single_image image=&#8221;1134&#8243; img_size=&#8221;full&#8221; [&hellip;]<\/p>\n","protected":false},"author":1,"featured_media":0,"parent":0,"menu_order":0,"comment_status":"closed","ping_status":"closed","template":"","meta":{"footnotes":""},"_links":{"self":[{"href":"https:\/\/aquaprosn.com\/tr\/wp-json\/wp\/v2\/pages\/1120"}],"collection":[{"href":"https:\/\/aquaprosn.com\/tr\/wp-json\/wp\/v2\/pages"}],"about":[{"href":"https:\/\/aquaprosn.com\/tr\/wp-json\/wp\/v2\/types\/page"}],"author":[{"embeddable":true,"href":"https:\/\/aquaprosn.com\/tr\/wp-json\/wp\/v2\/users\/1"}],"replies":[{"embeddable":true,"href":"https:\/\/aquaprosn.com\/tr\/wp-json\/wp\/v2\/comments?post=1120"}],"version-history":[{"count":57,"href":"https:\/\/aquaprosn.com\/tr\/wp-json\/wp\/v2\/pages\/1120\/revisions"}],"predecessor-version":[{"id":2041,"href":"https:\/\/aquaprosn.com\/tr\/wp-json\/wp\/v2\/pages\/1120\/revisions\/2041"}],"wp:attachment":[{"href":"https:\/\/aquaprosn.com\/tr\/wp-json\/wp\/v2\/media?parent=1120"}],"curies":[{"name":"wp","href":"https:\/\/api.w.org\/{rel}","templated":true}]}}