{"id":1022,"date":"2024-03-02T06:44:57","date_gmt":"2024-03-02T06:44:57","guid":{"rendered":"https:\/\/aquaprosn.com\/?page_id=1022"},"modified":"2024-05-06T07:09:20","modified_gmt":"2024-05-06T07:09:20","slug":"nos-services","status":"publish","type":"page","link":"https:\/\/aquaprosn.com\/tr\/nos-services\/","title":{"rendered":"NOS SERVICES"},"content":{"rendered":"<div class=\"wpb-content-wrapper\"><p>[vc_row][vc_column width=&#8221;1\/4&#8243;][vc_single_image image=&#8221;1084&#8243; img_size=&#8221;full&#8221; alignment=&#8221;center&#8221;][vc_empty_space height=&#8221;10&#8243;][vc_column_text]<\/p>\n<h4><strong><span style=\"color: #000000;\">Construction de piscine<\/span><\/strong><\/h4>\n<p><span style=\"color: #000000;\">Services de construction de piscines esth\u00e9tiques, durables et \u00e9conomiques, con\u00e7ues avec des traces de modernit\u00e9 architecturale, utilisant des \u00e9quipes professionnelles, des mat\u00e9riaux de haute qualit\u00e9 et des \u00e9quipements de pointe.<\/span>[\/vc_column_text][vc_empty_space height=&#8221;10&#8243;][\/vc_column][vc_column width=&#8221;1\/4&#8243;][vc_single_image image=&#8221;1086&#8243; img_size=&#8221;full&#8221; alignment=&#8221;center&#8221;][vc_empty_space height=&#8221;10&#8243;][vc_column_text]<\/p>\n<h4><span style=\"color: #000000;\"><strong>Nettoyage de piscine<\/strong><\/span><\/h4>\n<p><span style=\"color: #000000;\">Services saisonniers de maintenance et de mise en service, nettoyage p\u00e9riodique, hygi\u00e8ne g\u00e9n\u00e9rale et services de traitement chimique, purification, r\u00e9novation architecturale et rafra\u00eechissement, ainsi que services d&#8217;am\u00e9nagement paysager.<\/span>[\/vc_column_text][vc_empty_space height=&#8221;10&#8243;][\/vc_column][vc_column width=&#8221;1\/4&#8243;][vc_single_image image=&#8221;1085&#8243; img_size=&#8221;full&#8221; alignment=&#8221;center&#8221;][vc_empty_space height=&#8221;10&#8243;][vc_column_text]<\/p>\n<h4><span style=\"color: #000000;\"><strong>Entretien technique<\/strong><\/span><\/h4>\n<p><span style=\"color: #000000;\">La maintenance p\u00e9riodique des \u00e9quipements de piscine, la vente de mat\u00e9riel technique, l&#8217;installation, la r\u00e9novation, l&#8217;entretien et les services de r\u00e9paration des \u00e9quipements techniques, ainsi que les services de maintenance et de support technique.<\/span>[\/vc_column_text][vc_empty_space height=&#8221;10&#8243;][\/vc_column][vc_column width=&#8221;1\/4&#8243;][vc_single_image image=&#8221;1087&#8243; img_size=&#8221;full&#8221; alignment=&#8221;center&#8221;][vc_empty_space height=&#8221;10&#8243;][vc_column_text]<\/p>\n<h4><span style=\"color: #000000;\"><strong>Mat\u00e9riaux de piscine<\/strong><\/span><\/h4>\n<p><span style=\"color: #000000;\">Services de vente, de maintenance et d&#8217;entretien de mat\u00e9riaux de piscine de haute qualit\u00e9, durables, \u00e9conomiques, assurant le bon fonctionnement syst\u00e9matique et sans probl\u00e8me des piscines ainsi que leur entretien p\u00e9riodique.<\/span>[\/vc_column_text][vc_empty_space height=&#8221;10&#8243;][\/vc_column][\/vc_row]<\/p>\n<\/div>","protected":false},"excerpt":{"rendered":"<p>[vc_row][vc_column width=&#8221;1\/4&#8243;][vc_single_image image=&#8221;1084&#8243; img_size=&#8221;full&#8221; alignment=&#8221;center&#8221;][vc_empty_space height=&#8221;10&#8243;][vc_column_text] Construction de piscine Services de construction de piscines esth\u00e9tiques, durables et \u00e9conomiques, con\u00e7ues avec des traces de modernit\u00e9 architecturale, utilisant des \u00e9quipes professionnelles, des mat\u00e9riaux de haute qualit\u00e9 et des \u00e9quipements de pointe.[\/vc_column_text][vc_empty_space height=&#8221;10&#8243;][\/vc_column][vc_column width=&#8221;1\/4&#8243;][vc_single_image image=&#8221;1086&#8243; img_size=&#8221;full&#8221; alignment=&#8221;center&#8221;][vc_empty_space height=&#8221;10&#8243;][vc_column_text] Nettoyage de piscine Services saisonniers de maintenance et de mise [&hellip;]<\/p>\n","protected":false},"author":1,"featured_media":0,"parent":0,"menu_order":0,"comment_status":"closed","ping_status":"closed","template":"","meta":{"footnotes":""},"_links":{"self":[{"href":"https:\/\/aquaprosn.com\/tr\/wp-json\/wp\/v2\/pages\/1022"}],"collection":[{"href":"https:\/\/aquaprosn.com\/tr\/wp-json\/wp\/v2\/pages"}],"about":[{"href":"https:\/\/aquaprosn.com\/tr\/wp-json\/wp\/v2\/types\/page"}],"author":[{"embeddable":true,"href":"https:\/\/aquaprosn.com\/tr\/wp-json\/wp\/v2\/users\/1"}],"replies":[{"embeddable":true,"href":"https:\/\/aquaprosn.com\/tr\/wp-json\/wp\/v2\/comments?post=1022"}],"version-history":[{"count":6,"href":"https:\/\/aquaprosn.com\/tr\/wp-json\/wp\/v2\/pages\/1022\/revisions"}],"predecessor-version":[{"id":1103,"href":"https:\/\/aquaprosn.com\/tr\/wp-json\/wp\/v2\/pages\/1022\/revisions\/1103"}],"wp:attachment":[{"href":"https:\/\/aquaprosn.com\/tr\/wp-json\/wp\/v2\/media?parent=1022"}],"curies":[{"name":"wp","href":"https:\/\/api.w.org\/{rel}","templated":true}]}}