{"id":1002,"date":"2024-03-02T06:32:43","date_gmt":"2024-03-02T06:32:43","guid":{"rendered":"https:\/\/aquaprosn.com\/?page_id=1002"},"modified":"2024-05-22T16:35:04","modified_gmt":"2024-05-22T16:35:04","slug":"a-propos","status":"publish","type":"page","link":"https:\/\/aquaprosn.com\/tr\/a-propos\/","title":{"rendered":"HAKKIMIZDA"},"content":{"rendered":"<div class=\"wpb-content-wrapper\"><p>[vc_row][vc_column][vc_column_text]<span style=\"color: #000000;\">2004&#8217;ten bug\u00fcne Aqua Pro Piscine markas\u0131 ile kurumsal yap\u0131m\u0131z, deneyimimiz, g\u00fcvenirli\u011fimiz, g\u00fc\u00e7l\u00fc ileti\u015fim ve i\u015f birliklerimizle bulundu\u011fumuz sekt\u00f6rde T\u00fcrkiye&#8217;den sonra 2022 y\u0131l\u0131nda Senegal&#8217;de a\u00e7\u0131lan \u015fubelerimizle yola devam etmekteyiz.<\/span><\/p>\n<p><span style=\"color: #000000;\"><strong>Kaliteye \u00f6nem veriyoruz <\/strong><\/span><\/p>\n<p><span style=\"color: #000000;\">Y\u00fczme Havuzu ve S\u00fcs Havuzu Ekipmanlar\u0131, <\/span><span style=\"color: #000000;\">Y\u00fczme Havuzu ve S\u00fcs Havuzu Kimyasallar\u0131, sauna ve buhar odas\u0131 ekipmanlar\u0131, cam mozaik, izolasyon, <\/span><span style=\"color: #000000;\">Haz\u0131r Havuzlar, Havuz i\u015fi ve Kenar Kaplamalar\u0131 \u00fcr\u00fcn gruplar\u0131nda teknolojik ve ihtiyaca y\u00f6nelik \u00e7\u00f6z\u00fcmler sunuyoruz.<\/span><\/p>\n<p><span style=\"color: #000000;\"><strong>M\u00fc\u015fteri memnuniyeti<\/strong><\/span><\/p>\n<p><span style=\"color: #000000;\">Herhangi bir sorunla kar\u015f\u0131la\u015fman\u0131z durumunda veya tamamlay\u0131c\u0131 \u00fcr\u00fcnlere ihtiya\u00e7 duydu\u011funuzda<\/span><\/p>\n<p><span style=\"color: #000000;\">bizimle ileti\u015fime ge\u00e7in ve o konuyu hallolmu\u015f bilin.<\/span><\/p>\n<p><span style=\"color: #000000;\"><strong>B\u00fcy\u00fck Stok<\/strong><\/span><\/p>\n<p><span style=\"color: #000000;\">Geni\u015f stoklar\u0131m\u0131z sayesinde ihtiyac\u0131n\u0131z olan havuz ekipmanlar\u0131 ve havuz kimyasallar\u0131, dile\u011finiz miktarda ve diledi\u011finiz zamanda taraf\u0131n\u0131za teslim edilir.<\/span><\/p>\n<p><span style=\"color: #000000;\">D\u00fcnya standartlar\u0131ndaki ve \u00fcst\u00fcn kalitedeki \u00fcr\u00fcnlerimize g\u00fcveniyoruz.<\/span><\/p>\n<p><span style=\"color: #000000;\"><strong>\u00dcr\u00fcnlerimizi, sertifikal\u0131 ve garantili sunuyoruz.<\/strong><\/span><\/p>\n<p><span style=\"color: #000000;\">Havuz ekipmanlar\u0131nda \u00fcretim, ithalat ve ihracat kategorilerinin her birinde aktif rol \u00fcstleniyoruz. Patentli markalar\u0131m\u0131z ve distrib\u00fct\u00f6rl\u00fc\u011f\u00fcn\u00fc \u00fcstlendi\u011fimiz \u00fcr\u00fcnlerle \u00e7ok \u00e7e\u015fitli se\u00e7enekler sunabiliyoruz.<\/span><\/p>\n<p><span style=\"color: #000000;\"><strong>Misyon<\/strong><\/span><\/p>\n<p><span style=\"color: #000000;\">Aqua Pro Piscine \u015firketinin hedeflerine kolayl\u0131kla ula\u015fabilmesi i\u00e7in gereken insan kayna\u011f\u0131n\u0131n en etkili haliyle kullanarak stratejik insan kaynaklar\u0131 y\u00f6netimini ba\u015far\u0131yla d\u00fczenlemektir. Bu do\u011frultuda m\u00fc\u015fteri memnuniyeti ve \u00e7al\u0131\u015fan mutlulu\u011fu esasl\u0131 olarak havuz ekipmanlar\u0131 ve havuz kimyasallar\u0131 kategorilerinde t\u00fcm payda\u015flar\u0131m\u0131z i\u00e7in de\u011fer \u00fcretiyoruz.<\/span><\/p>\n<p><span style=\"color: #000000;\"><strong>Hedef<\/strong><\/span><\/p>\n<p><span style=\"color: #000000;\">\u00c7al\u0131\u015fan memnuniyet ve sadakatini refah seviyede koruyarak tercih edilen kurum olmak.<\/span><\/p>\n<p><span style=\"color: #000000;\">Aqua Pro Piscine b\u00fcnyesinde insan Kaynaklar alt yap\u0131s\u0131 ile nicelikli, \u00f6l\u00e7\u00fclebilir rekabet avantajlar\u0131n\u0131 kollamak.<\/span><\/p>\n<p><span style=\"color: #000000;\">En etkin raporlama y\u00f6ntemleri ile insan Kaynaklar\u0131n\u0131n \u015firket baz\u0131ndaki t\u00fcm s\u00fcre\u00e7lere katk\u0131s\u0131n\u0131<\/span><\/p>\n<p><span style=\"color: #000000;\">\u00f6l\u00e7\u00fcmleyebilmek, katk\u0131s\u0131n\u0131 analiz etmek.<\/span><\/p>\n<p><span style=\"color: #000000;\">\u0130nsan Kaynaklar sistemimizi geli\u015ftirip, b\u00fcy\u00fcterek inovatif strateji y\u00f6ntemleri olu\u015fturmak.<\/span><\/p>\n<p><span style=\"color: #000000;\"><strong>Politikalar\u0131m\u0131z<\/strong><\/span><\/p>\n<p><span style=\"color: #000000;\">Aqua Pro Piscine\u00a0 \u015firket vizyon, misyon ve de\u011fer yarg\u0131lar\u0131nda belirtilen hedeflere ula\u015fabilmek i\u00e7in<\/span><\/p>\n<p><span style=\"color: #000000;\">kalite odakl\u0131, yenili\u011fe a\u00e7\u0131k ve enerjik tak\u0131m ekipleri \u00e7al\u0131\u015fmak.<\/span><\/p>\n<p><span style=\"color: #000000;\">\u00c7al\u0131\u015fmalar\u0131m\u0131z\u0131n hepsinin mesleki bilgi, yeterlilik ve yetenekleri baz al\u0131narak istihdam \u015fartlar\u0131<\/span><\/p>\n<p><span style=\"color: #000000;\">yeti\u015fme ve geli\u015fme a\u00e7\u0131s\u0131ndan e\u015fit imkanlar sa\u011flamak.<\/span><\/p>\n<p><span style=\"color: #000000;\">\u00c7al\u0131\u015fanlar\u0131m\u0131z\u0131n haklar\u0131n\u0131 korumak ve g\u00f6zetmek, ki\u015filiklerine sayg\u0131 g\u00f6stermek.<\/span><\/p>\n<p><span style=\"color: #000000;\">Ba\u015far\u0131l\u0131 \u00e7al\u0131\u015fanlar\u0131m\u0131z\u0131 \u00f6d\u00fcllendirmek ve geli\u015fimlerini daima\u00a0desteklemek<\/span>[\/vc_column_text][vc_empty_space height=&#8221;10&#8243;][vc_empty_space height=&#8221;15&#8243;][\/vc_column][\/vc_row]<\/p>\n<\/div>","protected":false},"excerpt":{"rendered":"<p>[vc_row][vc_column][vc_column_text]2004&#8217;ten bug\u00fcne Aqua Pro Piscine markas\u0131 ile kurumsal yap\u0131m\u0131z, deneyimimiz, g\u00fcvenirli\u011fimiz, g\u00fc\u00e7l\u00fc ileti\u015fim ve i\u015f birliklerimizle bulundu\u011fumuz sekt\u00f6rde T\u00fcrkiye&#8217;den sonra 2022 y\u0131l\u0131nda Senegal&#8217;de a\u00e7\u0131lan \u015fubelerimizle yola devam etmekteyiz. Kaliteye \u00f6nem veriyoruz Y\u00fczme Havuzu ve S\u00fcs Havuzu Ekipmanlar\u0131, Y\u00fczme Havuzu ve S\u00fcs Havuzu Kimyasallar\u0131, sauna ve buhar odas\u0131 ekipmanlar\u0131, cam mozaik, izolasyon, Haz\u0131r Havuzlar, Havuz i\u015fi [&hellip;]<\/p>\n","protected":false},"author":1,"featured_media":0,"parent":0,"menu_order":0,"comment_status":"closed","ping_status":"closed","template":"","meta":{"footnotes":""},"_links":{"self":[{"href":"https:\/\/aquaprosn.com\/tr\/wp-json\/wp\/v2\/pages\/1002"}],"collection":[{"href":"https:\/\/aquaprosn.com\/tr\/wp-json\/wp\/v2\/pages"}],"about":[{"href":"https:\/\/aquaprosn.com\/tr\/wp-json\/wp\/v2\/types\/page"}],"author":[{"embeddable":true,"href":"https:\/\/aquaprosn.com\/tr\/wp-json\/wp\/v2\/users\/1"}],"replies":[{"embeddable":true,"href":"https:\/\/aquaprosn.com\/tr\/wp-json\/wp\/v2\/comments?post=1002"}],"version-history":[{"count":11,"href":"https:\/\/aquaprosn.com\/tr\/wp-json\/wp\/v2\/pages\/1002\/revisions"}],"predecessor-version":[{"id":2026,"href":"https:\/\/aquaprosn.com\/tr\/wp-json\/wp\/v2\/pages\/1002\/revisions\/2026"}],"wp:attachment":[{"href":"https:\/\/aquaprosn.com\/tr\/wp-json\/wp\/v2\/media?parent=1002"}],"curies":[{"name":"wp","href":"https:\/\/api.w.org\/{rel}","templated":true}]}}