{"id":1001,"date":"2024-03-02T06:30:55","date_gmt":"2024-03-02T06:30:55","guid":{"rendered":"https:\/\/aquaprosn.com\/?page_id=1001"},"modified":"2024-05-22T16:20:28","modified_gmt":"2024-05-22T16:20:28","slug":"communication","status":"publish","type":"page","link":"https:\/\/aquaprosn.com\/tr\/communication\/","title":{"rendered":"\u0130LET\u0130\u015e\u0130M"},"content":{"rendered":"<div class=\"wpb-content-wrapper\"><p>[vc_row][vc_column width=&#8221;1\/2&#8243;][vc_text_separator title=&#8221;\u0130leti\u015fim Bilgileri&#8221;][vc_empty_space height=&#8221;10&#8243;][vc_column_text]<span style=\"color: #000000;\"><strong>Adres:<\/strong> Saly Ngaparou Plage, Route de Saly No: 246<\/span><br \/>\n<span style=\"color: #000000;\"><strong>Telefon:<\/strong> +221 78 477 63 63 &#8211; +221 33 956 35 79<\/span><br \/>\n<span style=\"color: #000000;\"><strong>e-mail:<\/strong> <a href=\"mailto:info@aquaprosn.com\">info@aquaprosn.com<\/a><\/span>[\/vc_column_text][vc_empty_space height=&#8221;10&#8243;][vc_text_separator title=&#8221;Yol Tarifi&#8221;][vc_empty_space height=&#8221;10&#8243;][vc_gmaps link=&#8221;#E-8_JTNDaWZyYW1lJTIwc3JjJTNEJTIyaHR0cHMlM0ElMkYlMkZ3d3cuZ29vZ2xlLmNvbSUyRm1hcHMlMkZlbWJlZCUzRnBiJTNEJTIxMW0xOCUyMTFtMTIlMjExbTMlMjExZDM4NjMuNTUyMTc1MTc0MDg4JTIxMmQtMTcuMDQ5Mzk2ODAwMDAwMDA0JTIxM2QxNC40NTI5NTI3JTIxMm0zJTIxMWYwJTIxMmYwJTIxM2YwJTIxM20yJTIxMWkxMDI0JTIxMmk3NjglMjE0ZjEzLjElMjEzbTMlMjExbTIlMjExczB4ZWMxNzMwZGQ2NjEwYWFkJTI1M0EweGJmNzlhMGM4ZDYwNWU2ZTMlMjEyc0JFU1QlMjUyMFBJU0NJTkUlMjUyMFNFUlZJQ0UlMjE1ZTAlMjEzbTIlMjExc3RyJTIxMnN0ciUyMTR2MTcxNTA2ODc3NDc2OCUyMTVtMiUyMTFzdHIlMjEyc3RyJTIyJTIwd2lkdGglM0QlMjI2MDAlMjIlMjBoZWlnaHQlM0QlMjI0NTAlMjIlMjBzdHlsZSUzRCUyMmJvcmRlciUzQTAlM0IlMjIlMjBhbGxvd2Z1bGxzY3JlZW4lM0QlMjIlMjIlMjBsb2FkaW5nJTNEJTIybGF6eSUyMiUyMHJlZmVycmVycG9saWN5JTNEJTIybm8tcmVmZXJyZXItd2hlbi1kb3duZ3JhZGUlMjIlM0UlM0MlMkZpZnJhbWUlM0U=&#8221;][vc_empty_space height=&#8221;10&#8243;][\/vc_column][vc_column width=&#8221;1\/2&#8243;][vc_text_separator title=&#8221;\u0130leti\u015fim Formu&#8221;][vc_empty_space height=&#8221;10&#8243;]\n<div class=\"wpcf7 no-js\" id=\"wpcf7-f1861-o1\" lang=\"tr-TR\" dir=\"ltr\">\n<div class=\"screen-reader-response\"><p role=\"status\" aria-live=\"polite\" aria-atomic=\"true\"><\/p> <ul><\/ul><\/div>\n<form action=\"\/tr\/wp-json\/wp\/v2\/pages\/1001#wpcf7-f1861-o1\" method=\"post\" class=\"wpcf7-form init\" aria-label=\"Contact form\" novalidate=\"novalidate\" data-status=\"init\">\n<div style=\"display: none;\">\n<input type=\"hidden\" name=\"_wpcf7\" value=\"1861\" \/>\n<input type=\"hidden\" name=\"_wpcf7_version\" value=\"5.9.3\" \/>\n<input type=\"hidden\" name=\"_wpcf7_locale\" value=\"tr_TR\" \/>\n<input type=\"hidden\" name=\"_wpcf7_unit_tag\" value=\"wpcf7-f1861-o1\" \/>\n<input type=\"hidden\" name=\"_wpcf7_container_post\" value=\"0\" \/>\n<input type=\"hidden\" name=\"_wpcf7_posted_data_hash\" value=\"\" \/>\n<input type=\"hidden\" name=\"lang\" value=\"tr\" \/>\n<\/div>\n<p><label> \u0130sim Soyisim<br \/>\n<span class=\"wpcf7-form-control-wrap\" data-name=\"your-name\"><input size=\"40\" class=\"wpcf7-form-control wpcf7-text wpcf7-validates-as-required\" autocomplete=\"name\" aria-required=\"true\" aria-invalid=\"false\" value=\"\" type=\"text\" name=\"your-name\" \/><\/span> <\/label>\n<\/p>\n<p><label> Mail Adresi<br \/>\n<span class=\"wpcf7-form-control-wrap\" data-name=\"your-email\"><input size=\"40\" class=\"wpcf7-form-control wpcf7-email wpcf7-validates-as-required wpcf7-text wpcf7-validates-as-email\" autocomplete=\"email\" aria-required=\"true\" aria-invalid=\"false\" value=\"\" type=\"email\" name=\"your-email\" \/><\/span> <\/label>\n<\/p>\n<p><label> Konu<br \/>\n<span class=\"wpcf7-form-control-wrap\" data-name=\"your-subject\"><input size=\"40\" class=\"wpcf7-form-control wpcf7-text wpcf7-validates-as-required\" aria-required=\"true\" aria-invalid=\"false\" value=\"\" type=\"text\" name=\"your-subject\" \/><\/span> <\/label>\n<\/p>\n<p><label> Notunuz (\u0130ste\u011fe Ba\u011fl\u0131) (tercihe ba\u011fl\u0131)<br \/>\n<span class=\"wpcf7-form-control-wrap\" data-name=\"your-message\"><textarea cols=\"40\" rows=\"10\" class=\"wpcf7-form-control wpcf7-textarea\" aria-invalid=\"false\" name=\"your-message\"><\/textarea><\/span> <\/label>\n<\/p>\n<p><input class=\"wpcf7-form-control wpcf7-submit has-spinner\" type=\"submit\" value=\"G\u00f6nder\" \/>\n<\/p><div class=\"wpcf7-response-output\" aria-hidden=\"true\"><\/div>\n<\/form>\n<\/div>\n[\/vc_column][\/vc_row]<\/p>\n<\/div>","protected":false},"excerpt":{"rendered":"<p>[vc_row][vc_column width=&#8221;1\/2&#8243;][vc_text_separator title=&#8221;\u0130leti\u015fim Bilgileri&#8221;][vc_empty_space height=&#8221;10&#8243;][vc_column_text]Adres: Saly Ngaparou Plage, Route de Saly No: 246 Telefon: +221 78 477 63 63 &#8211; +221 33 956 35 79 e-mail: info@aquaprosn.com[\/vc_column_text][vc_empty_space height=&#8221;10&#8243;][vc_text_separator title=&#8221;Yol Tarifi&#8221;][vc_empty_space height=&#8221;10&#8243;][vc_gmaps link=&#8221;#E-8_JTNDaWZyYW1lJTIwc3JjJTNEJTIyaHR0cHMlM0ElMkYlMkZ3d3cuZ29vZ2xlLmNvbSUyRm1hcHMlMkZlbWJlZCUzRnBiJTNEJTIxMW0xOCUyMTFtMTIlMjExbTMlMjExZDM4NjMuNTUyMTc1MTc0MDg4JTIxMmQtMTcuMDQ5Mzk2ODAwMDAwMDA0JTIxM2QxNC40NTI5NTI3JTIxMm0zJTIxMWYwJTIxMmYwJTIxM2YwJTIxM20yJTIxMWkxMDI0JTIxMmk3NjglMjE0ZjEzLjElMjEzbTMlMjExbTIlMjExczB4ZWMxNzMwZGQ2NjEwYWFkJTI1M0EweGJmNzlhMGM4ZDYwNWU2ZTMlMjEyc0JFU1QlMjUyMFBJU0NJTkUlMjUyMFNFUlZJQ0UlMjE1ZTAlMjEzbTIlMjExc3RyJTIxMnN0ciUyMTR2MTcxNTA2ODc3NDc2OCUyMTVtMiUyMTFzdHIlMjEyc3RyJTIyJTIwd2lkdGglM0QlMjI2MDAlMjIlMjBoZWlnaHQlM0QlMjI0NTAlMjIlMjBzdHlsZSUzRCUyMmJvcmRlciUzQTAlM0IlMjIlMjBhbGxvd2Z1bGxzY3JlZW4lM0QlMjIlMjIlMjBsb2FkaW5nJTNEJTIybGF6eSUyMiUyMHJlZmVycmVycG9saWN5JTNEJTIybm8tcmVmZXJyZXItd2hlbi1kb3duZ3JhZGUlMjIlM0UlM0MlMkZpZnJhbWUlM0U=&#8221;][vc_empty_space height=&#8221;10&#8243;][\/vc_column][vc_column width=&#8221;1\/2&#8243;][vc_text_separator title=&#8221;\u0130leti\u015fim Formu&#8221;][vc_empty_space height=&#8221;10&#8243;][\/vc_column][\/vc_row]<\/p>\n","protected":false},"author":1,"featured_media":0,"parent":0,"menu_order":0,"comment_status":"closed","ping_status":"closed","template":"","meta":{"footnotes":""},"_links":{"self":[{"href":"https:\/\/aquaprosn.com\/tr\/wp-json\/wp\/v2\/pages\/1001"}],"collection":[{"href":"https:\/\/aquaprosn.com\/tr\/wp-json\/wp\/v2\/pages"}],"about":[{"href":"https:\/\/aquaprosn.com\/tr\/wp-json\/wp\/v2\/types\/page"}],"author":[{"embeddable":true,"href":"https:\/\/aquaprosn.com\/tr\/wp-json\/wp\/v2\/users\/1"}],"replies":[{"embeddable":true,"href":"https:\/\/aquaprosn.com\/tr\/wp-json\/wp\/v2\/comments?post=1001"}],"version-history":[{"count":13,"href":"https:\/\/aquaprosn.com\/tr\/wp-json\/wp\/v2\/pages\/1001\/revisions"}],"predecessor-version":[{"id":1862,"href":"https:\/\/aquaprosn.com\/tr\/wp-json\/wp\/v2\/pages\/1001\/revisions\/1862"}],"wp:attachment":[{"href":"https:\/\/aquaprosn.com\/tr\/wp-json\/wp\/v2\/media?parent=1001"}],"curies":[{"name":"wp","href":"https:\/\/api.w.org\/{rel}","templated":true}]}}